{"id":17837,"date":"2022-08-22T21:04:35","date_gmt":"2022-08-22T21:04:35","guid":{"rendered":"https:\/\/safya.com.tr\/?post_type=product&#038;p=17837"},"modified":"2023-01-05T08:31:45","modified_gmt":"2023-01-05T08:31:45","slug":"chef-de-cuisine-huile-de-tournesol","status":"publish","type":"product","link":"https:\/\/safya.com.tr\/fr\/produit\/chef-de-cuisine-huile-de-tournesol\/","title":{"rendered":"Chef de Cuisine Huile de Tournesol"},"content":{"rendered":"<p>[vc_row][vc_column width=\u00a0\u00bb2\/3&Prime; css=\u00a0\u00bb.vc_custom_1669576512715{padding-left: 0px !important;}\u00a0\u00bb]<div class=\"agrikole-simple-image simple \" style=\" max-width:600px;\">\n\t\t\t\t<img decoding=\"async\" alt=\"image\" src=\"https:\/\/safya.com.tr\/wp-content\/uploads\/2022\/10\/tableau-de-valeurs.jpg\" \/> \n\t\t\t<\/div>[\/vc_column][vc_column width=\u00a0\u00bb1\/3&Prime; css=\u00a0\u00bb.vc_custom_1660864311792{padding-left: 50px !important;}\u00a0\u00bb][\/vc_column][\/vc_row]<\/p>\n","protected":false},"excerpt":{"rendered":"<p style=\"text-align: justify;\"><strong>Safya Chef de Cuisine Huile de Tournesol 4.5LT X 4<\/strong> \u00e9t\u00e9 d\u00e9velopp\u00e9e sp\u00e9cialement pour les ma\u00eetres du go\u00fbt. Safya Chef de Cuisine Huile de Tournesol 4.5LT X 4, qui est produite en tenant compte des besoins particuliers des entreprises dans l\u2019industrie agroalimentaire, peut utiliser \u00e0 toutes les cuisines o\u00f9 la production professionnelle est effectu\u00e9e tels que l\u2019h\u00f4tel, le restaurant, les salles \u00e0 manger, la p\u00e2tisserie, etc.<\/p>\n","protected":false},"featured_media":18964,"template":"","meta":[],"product_cat":[83],"product_tag":[],"class_list":["post-17837","product","type-product","status-publish","has-post-thumbnail","hentry","product_cat-chef-de-cuisine"],"_links":{"self":[{"href":"https:\/\/safya.com.tr\/fr\/wp-json\/wp\/v2\/product\/17837","targetHints":{"allow":["GET"]}}],"collection":[{"href":"https:\/\/safya.com.tr\/fr\/wp-json\/wp\/v2\/product"}],"about":[{"href":"https:\/\/safya.com.tr\/fr\/wp-json\/wp\/v2\/types\/product"}],"wp:featuredmedia":[{"embeddable":true,"href":"https:\/\/safya.com.tr\/fr\/wp-json\/wp\/v2\/media\/18964"}],"wp:attachment":[{"href":"https:\/\/safya.com.tr\/fr\/wp-json\/wp\/v2\/media?parent=17837"}],"wp:term":[{"taxonomy":"product_cat","embeddable":true,"href":"https:\/\/safya.com.tr\/fr\/wp-json\/wp\/v2\/product_cat?post=17837"},{"taxonomy":"product_tag","embeddable":true,"href":"https:\/\/safya.com.tr\/fr\/wp-json\/wp\/v2\/product_tag?post=17837"}],"curies":[{"name":"wp","href":"https:\/\/api.w.org\/{rel}","templated":true}]}}