{"id":17765,"date":"2022-08-22T22:07:07","date_gmt":"2022-08-22T22:07:07","guid":{"rendered":"https:\/\/safya.com.tr\/?post_type=product&#038;p=17765"},"modified":"2023-01-05T08:10:53","modified_gmt":"2023-01-05T08:10:53","slug":"3-lt-bouteille-carree-en-plastique-lhuile-de-mais","status":"publish","type":"product","link":"https:\/\/safya.com.tr\/fr\/produit\/3-lt-bouteille-carree-en-plastique-lhuile-de-mais\/","title":{"rendered":"3 Lt. Bouteille Carr\u00e9e en Plastique"},"content":{"rendered":"<p>[vc_row][vc_column width=\u00a0\u00bb1\/2&Prime;]<div class=\"agrikole-simple-image simple \" style=\" max-width:400px;\">\n\t\t\t\t<img decoding=\"async\" alt=\"image\" src=\"https:\/\/safya.com.tr\/wp-content\/uploads\/2022\/09\/huile-de-mais.jpg\" \/> \n\t\t\t<\/div>[\/vc_column][vc_column width=\u00a0\u00bb1\/2&Prime; css=\u00a0\u00bb.vc_custom_1660864311792{padding-left: 50px !important;}\u00a0\u00bb][\/vc_column][\/vc_row]<\/p>\n","protected":false},"excerpt":{"rendered":"<p style=\"text-align: justify;\"><strong>L\u2019huile de Ma\u00efs de Safya 3 Lt.<\/strong> a \u00e9t\u00e9 sp\u00e9cialement d\u00e9velopp\u00e9e pour obtenir la forme la plus pur du go\u00fbt. Ce produit qui est fabriqu\u00e9e dans la plus grande usine enti\u00e8rement int\u00e9gr\u00e9e de traitement des graines ol\u00e9agineuses de T\u00fcrkiye peut utiliser en toute s\u00e9curit\u00e9 pour tous les plats de poisson, les frites de l\u00e9gumes et de p\u00e2tes, tous les plats chauds, les sauces et les salades, ainsi que les viandes saut\u00e9es.<\/p>\n<p><strong><span>L\u2019huile de Ma\u00efs de Safya 3 Lt.<\/span>,<\/strong><\/p>\n<ul>\n<li>Produit conform\u00e9ment aux normes de qualit\u00e9 alimentaire.<\/li>\n<li>Elle est riche en Vitamine E et en antioxydants.<\/li>\n<li>Une des sources d\u2019acide linol\u00e9ique.<\/li>\n<li>Sans gras trans et cholest\u00e9rol.<\/li>\n<\/ul>\n","protected":false},"featured_media":18936,"template":"","meta":[],"product_cat":[82],"product_tag":[],"class_list":["post-17765","product","type-product","status-publish","has-post-thumbnail","hentry","product_cat-huile-de-mais"],"_links":{"self":[{"href":"https:\/\/safya.com.tr\/fr\/wp-json\/wp\/v2\/product\/17765","targetHints":{"allow":["GET"]}}],"collection":[{"href":"https:\/\/safya.com.tr\/fr\/wp-json\/wp\/v2\/product"}],"about":[{"href":"https:\/\/safya.com.tr\/fr\/wp-json\/wp\/v2\/types\/product"}],"wp:featuredmedia":[{"embeddable":true,"href":"https:\/\/safya.com.tr\/fr\/wp-json\/wp\/v2\/media\/18936"}],"wp:attachment":[{"href":"https:\/\/safya.com.tr\/fr\/wp-json\/wp\/v2\/media?parent=17765"}],"wp:term":[{"taxonomy":"product_cat","embeddable":true,"href":"https:\/\/safya.com.tr\/fr\/wp-json\/wp\/v2\/product_cat?post=17765"},{"taxonomy":"product_tag","embeddable":true,"href":"https:\/\/safya.com.tr\/fr\/wp-json\/wp\/v2\/product_tag?post=17765"}],"curies":[{"name":"wp","href":"https:\/\/api.w.org\/{rel}","templated":true}]}}