{"id":17552,"date":"2022-10-30T15:26:58","date_gmt":"2022-10-30T15:26:58","guid":{"rendered":"https:\/\/safya.com.tr\/?post_type=product&#038;p=17552"},"modified":"2023-01-04T23:39:22","modified_gmt":"2023-01-04T23:39:22","slug":"1-lt-safya-sultan-huile-de-tournesol","status":"publish","type":"product","link":"https:\/\/safya.com.tr\/fr\/produit\/1-lt-safya-sultan-huile-de-tournesol\/","title":{"rendered":"1 Lt. Safya Sultan"},"content":{"rendered":"<p>[vc_row][vc_column width=\u00a0\u00bb2\/3&Prime; css=\u00a0\u00bb.vc_custom_1669564650128{margin-left: 0px !important;padding-left: 0px !important;}\u00a0\u00bb]<div class=\"agrikole-simple-image simple \" style=\" max-width:600px;\">\n\t\t\t\t<img decoding=\"async\" alt=\"image\" src=\"https:\/\/safya.com.tr\/wp-content\/uploads\/2022\/10\/tableau-de-valeurs.jpg\" \/> \n\t\t\t<\/div>[\/vc_column][vc_column width=\u00a0\u00bb1\/3&Prime; css=\u00a0\u00bb.vc_custom_1660864311792{padding-left: 50px !important;}\u00a0\u00bb][\/vc_column][\/vc_row]<\/p>\n","protected":false},"excerpt":{"rendered":"<p style=\"text-align: justify;\"><strong>L\u2019huile de Tournesol de Safya Sultan 1 Lt.<\/strong> a \u00e9t\u00e9 sp\u00e9cialement d\u00e9velopp\u00e9e pour obtenir la forme la plus pur du go\u00fbt. Ce produit qui est fabriqu\u00e9e dans la plus grande usine enti\u00e8rement int\u00e9gr\u00e9e de traitement des graines ol\u00e9agineuses de T\u00fcrkiye peut utiliser en toute s\u00e9curit\u00e9 pour tous les plats chauds et froids, les fritures, les p\u00e2tisseries, les desserts sucr\u00e9s, les salades, et les ap\u00e9ritifs.<\/p>\n<p><strong><span>L\u2019huile de Tournesol de Safya Sultan 1 Lt.<\/span>,<\/strong><\/p>\n<ul>\n<li><span>Produit conform\u00e9ment aux normes de qualit\u00e9 alimentaire<\/span><\/li>\n<li><span>Gr\u00e2ce \u00e0 sa formule sp\u00e9ciale, elle mousse moins que les huiles de tournesol classique ; Id\u00e9al pour les fritures<\/span><\/li>\n<li><span>Sans gras trans et cholest\u00e9rol<\/span><\/li>\n<\/ul>\n","protected":false},"featured_media":18899,"template":"","meta":[],"product_cat":[81],"product_tag":[],"class_list":["post-17552","product","type-product","status-publish","has-post-thumbnail","hentry","product_cat-huile-de-tournesol"],"_links":{"self":[{"href":"https:\/\/safya.com.tr\/fr\/wp-json\/wp\/v2\/product\/17552","targetHints":{"allow":["GET"]}}],"collection":[{"href":"https:\/\/safya.com.tr\/fr\/wp-json\/wp\/v2\/product"}],"about":[{"href":"https:\/\/safya.com.tr\/fr\/wp-json\/wp\/v2\/types\/product"}],"wp:featuredmedia":[{"embeddable":true,"href":"https:\/\/safya.com.tr\/fr\/wp-json\/wp\/v2\/media\/18899"}],"wp:attachment":[{"href":"https:\/\/safya.com.tr\/fr\/wp-json\/wp\/v2\/media?parent=17552"}],"wp:term":[{"taxonomy":"product_cat","embeddable":true,"href":"https:\/\/safya.com.tr\/fr\/wp-json\/wp\/v2\/product_cat?post=17552"},{"taxonomy":"product_tag","embeddable":true,"href":"https:\/\/safya.com.tr\/fr\/wp-json\/wp\/v2\/product_tag?post=17552"}],"curies":[{"name":"wp","href":"https:\/\/api.w.org\/{rel}","templated":true}]}}