{"id":17397,"date":"2022-09-04T21:19:16","date_gmt":"2022-09-04T21:19:16","guid":{"rendered":"https:\/\/safya.com.tr\/safya-mutfak-sefi\/"},"modified":"2022-10-29T23:50:14","modified_gmt":"2022-10-29T23:50:14","slug":"chef-de-cuisine","status":"publish","type":"page","link":"https:\/\/safya.com.tr\/fr\/chef-de-cuisine\/","title":{"rendered":"Chef de Cuisine"},"content":{"rendered":"<p>[vc_row fullwidth=\u00a0\u00bbyes\u00a0\u00bb css=\u00a0\u00bb.vc_custom_1661716607766{padding-top: 100px !important;padding-bottom: 100px !important;}\u00a0\u00bb][vc_column][vc_row_inner css=\u00a0\u00bb.vc_custom_1660510392626{padding-right: 100px !important;padding-left: 100px !important;}\u00a0\u00bb][vc_column_inner]<div class=\"agrikole-headings clearfix text-center\" data-font=40 data-mfont=30 style=\"\"><h2 class=\"heading clearfix \" style=\"color:#3d3c42;line-height:50px;font-size:40px;\">\n\t\tD\u00c9VELOPP\u00c9E SP\u00c9CIALEMENT POUR LES MA\u00ceTRES DU GO\u00dbT\n\t<\/h2><div class=\"sep clearfix\" style=\"margin:5px 0 0;\">\n\t\t\t\t<img decoding=\"async\" alt=\"image\" src=\"https:\/\/safya.com.tr\/wp-content\/uploads\/2020\/01\/separator.png\">\n\t\t\t<\/div><\/div>[vc_empty_space height=\u00a0\u00bb35px\u00a0\u00bb][vc_column_text]<\/p>\n<p style=\"text-align: center;\"><span style=\"line-height: 2em;\">Safya Chef de Cuisine \u00e9t\u00e9 d\u00e9velopp\u00e9e sp\u00e9cialement pour les ma\u00eetres du go\u00fbt. Safya Chef de Cuisine Huile de Tournesol 4.5LT X 4, qui est produite en tenant compte des besoins particuliers des entreprises dans l\u2019industrie agroalimentaire, peut utiliser \u00e0 toutes les cuisines o\u00f9 la production professionnelle est effectu\u00e9e tels que l\u2019h\u00f4tel, le restaurant, les salles \u00e0 manger, la p\u00e2tisserie, etc.<\/span><\/p>\n<p>[\/vc_column_text][\/vc_column_inner][\/vc_row_inner][\/vc_column][\/vc_row][vc_row el_class=\u00a0\u00bboverflow-visible\u00a0\u00bb css=\u00a0\u00bb.vc_custom_1661716738843{padding-top: 100px !important;background-color: #f5f0e9 !important;}\u00a0\u00bb][vc_column][vc_row_inner][vc_column_inner width=\u00a0\u00bb1\/2&Prime;]<div class=\"agrikole-simple-image simple \" style=\" max-width:530px;border-radius:5px;overflow:hidden;\">\n\t\t\t\t<img decoding=\"async\" alt=\"image\" src=\"https:\/\/safya.com.tr\/wp-content\/uploads\/2022\/08\/Mutfak-Sefi-Dikey.jpg\" \/> \n\t\t\t<\/div>[\/vc_column_inner][vc_column_inner width=\u00a0\u00bb1\/2&Prime;]<div class=\"agrikole-headings clearfix \" data-font=40 data-mfont=30 style=\"\"><div class=\"pre-heading clearfix\" style=\"font-weight:600;color:#3d3c42;font-size:14px;letter-spacing:3px;\">\n\t\tSAFYA\n\t<\/div><h2 class=\"heading clearfix \" style=\"color:#3d3c42;line-height:50px;font-size:40px;\">\n\t\tAVANTAGES DE SAFYA CHEF DE CUISINE\n\t<\/h2><div class=\"sep clearfix\" style=\"margin:5px 0 0;\">\n\t\t\t\t<img decoding=\"async\" alt=\"image\" src=\"https:\/\/safya.com.tr\/wp-content\/uploads\/2020\/01\/separator.png\">\n\t\t\t<\/div><\/div>[vc_empty_space height=\u00a0\u00bb35px\u00a0\u00bb]<div class=\"agrikole-icon-box clearfix icon-left align-left  link-hover-accent simple\" style=\"\" ><div class=\"wrap-inner\" style=\"position: relative;\"><div class=\"agrikole-icon icon-901732280 icon-font custom custom\"  data-icon=\"\" data-background=\"\">\n\t\t\t<span class=\"icon\" style=\"font-size:26px;width:20px;height:40px;border-style:solid;\"><i class=\"fas fa-check\"><\/i><\/span>\n\t\t<\/div> <div class=\"content-wrap\"><div class=\"desc\" style=\"padding-left:85px;\"><p>Gr\u00e2ce \u00e0 sa formule sp\u00e9cialement d\u00e9velopp\u00e9e pour les cuisines professionnelles, il n\u2019y a pas de mousse ni d\u2019\u00e9claboussures provoquant des pertes huile.<\/p>\n<\/div><\/div><\/div><\/div>[vc_empty_space height=\u00a0\u00bb10px\u00a0\u00bb]<div class=\"agrikole-icon-box clearfix icon-left align-left  link-hover-accent simple\" style=\"\" ><div class=\"wrap-inner\" style=\"position: relative;\"><div class=\"agrikole-icon icon-1374715419 icon-font custom custom\"  data-icon=\"\" data-background=\"\">\n\t\t\t<span class=\"icon\" style=\"font-size:26px;width:20px;height:40px;border-style:solid;\"><i class=\"fas fa-check\"><\/i><\/span>\n\t\t<\/div> <div class=\"content-wrap\"><div class=\"desc\" style=\"padding-left:85px;\"><p>La cuisson est bien contr\u00f4l\u00e9e parce que l\u2019huile ne mousse pas lors de la friture.<\/p>\n<\/div><\/div><\/div><\/div>[vc_empty_space height=\u00a0\u00bb10px\u00a0\u00bb]<div class=\"agrikole-icon-box clearfix icon-left align-left  link-hover-accent simple\" style=\"\" ><div class=\"wrap-inner\" style=\"position: relative;\"><div class=\"agrikole-icon icon-997588938 icon-font custom custom\"  data-icon=\"\" data-background=\"\">\n\t\t\t<span class=\"icon\" style=\"font-size:26px;width:20px;height:40px;border-style:solid;\"><i class=\"fas fa-check\"><\/i><\/span>\n\t\t<\/div> <div class=\"content-wrap\"><div class=\"desc\" style=\"padding-left:85px;\"><p>Il r\u00e9siste aux hautes temp\u00e9ratures. Il ne fume ou ni br\u00fble.<\/p>\n<\/div><\/div><\/div><\/div>[vc_empty_space height=\u00a0\u00bb15px\u00a0\u00bb]<div class=\"agrikole-icon-box clearfix icon-left align-left  link-hover-accent simple\" style=\"\" ><div class=\"wrap-inner\" style=\"position: relative;\"><div class=\"agrikole-icon icon-994161906 icon-font custom custom\"  data-icon=\"\" data-background=\"\">\n\t\t\t<span class=\"icon\" style=\"font-size:26px;width:20px;height:40px;border-style:solid;\"><i class=\"fas fa-check\"><\/i><\/span>\n\t\t<\/div> <div class=\"content-wrap\"><div class=\"desc\" style=\"padding-left:85px;\"><p>Gr\u00e2ce \u00e0 sa fabrication en 6 \u00e9tapes, les produits sont l\u00e9gers et inodores.<\/p>\n<\/div><\/div><\/div><\/div>[vc_empty_space height=\u00a0\u00bb15px\u00a0\u00bb]<div class=\"agrikole-icon-box clearfix icon-left align-left  link-hover-accent simple\" style=\"\" ><div class=\"wrap-inner\" style=\"position: relative;\"><div class=\"agrikole-icon icon-1935106731 icon-font custom custom\"  data-icon=\"\" data-background=\"\">\n\t\t\t<span class=\"icon\" style=\"font-size:26px;width:20px;height:40px;border-style:solid;\"><i class=\"fas fa-check\"><\/i><\/span>\n\t\t<\/div> <div class=\"content-wrap\"><div class=\"desc\" style=\"padding-left:85px;\"><p>Le produit propos\u00e9 en 4 bouteilles en plastique offre l\u2019avantage d\u2019une utilisation fra\u00eeche.<\/p>\n<\/div><\/div><\/div><\/div>[vc_empty_space height=\u00a0\u00bb15px\u00a0\u00bb]<div class=\"agrikole-icon-box clearfix icon-left align-left  link-hover-accent simple\" style=\"\" ><div class=\"wrap-inner\" style=\"position: relative;\"><div class=\"agrikole-icon icon-1522261366 icon-font custom custom\"  data-icon=\"\" data-background=\"\">\n\t\t\t<span class=\"icon\" style=\"font-size:26px;width:20px;height:40px;border-style:solid;\"><i class=\"fas fa-check\"><\/i><\/span>\n\t\t<\/div> <div class=\"content-wrap\"><div class=\"desc\" style=\"padding-left:85px;\"><p>Les probl\u00e8mes de poussi\u00e8re, de rouille, et de moisissure dans les emballages en \u00e9tain ne se produisent pas. Il est tr\u00e8s hygi\u00e9nique.<\/p>\n<\/div><\/div><\/div><\/div>[vc_empty_space height=\u00a0\u00bb15px\u00a0\u00bb]<div class=\"agrikole-icon-box clearfix icon-left align-left  link-hover-accent simple\" style=\"\" ><div class=\"wrap-inner\" style=\"position: relative;\"><div class=\"agrikole-icon icon-1806818564 icon-font custom custom\"  data-icon=\"\" data-background=\"\">\n\t\t\t<span class=\"icon\" style=\"font-size:26px;width:20px;height:40px;border-style:solid;\"><i class=\"fas fa-check\"><\/i><\/span>\n\t\t<\/div> <div class=\"content-wrap\"><div class=\"desc\" style=\"padding-left:85px;\"><p>Son emballage transparent vous aide \u00e0 d\u00e9terminer la quantit\u00e9 d\u2019utilisation n\u00e9cessaire.<\/p>\n<\/div><\/div><\/div><\/div>[vc_empty_space height=\u00a0\u00bb15px\u00a0\u00bb]<div class=\"agrikole-icon-box clearfix icon-left align-left  link-hover-accent simple\" style=\"\" ><div class=\"wrap-inner\" style=\"position: relative;\"><div class=\"agrikole-icon icon-464726191 icon-font custom custom\"  data-icon=\"\" data-background=\"\">\n\t\t\t<span class=\"icon\" style=\"font-size:26px;width:20px;height:40px;border-style:solid;\"><i class=\"fas fa-check\"><\/i><\/span>\n\t\t<\/div> <div class=\"content-wrap\"><div class=\"desc\" style=\"padding-left:85px;\"><p>Le produit peut \u00eatre facilement transport\u00e9.<\/p>\n<\/div><\/div><\/div><\/div>[vc_empty_space height=\u00a0\u00bb15px\u00a0\u00bb]<div class=\"agrikole-icon-box clearfix icon-left align-left  link-hover-accent simple\" style=\"\" ><div class=\"wrap-inner\" style=\"position: relative;\"><div class=\"agrikole-icon icon-2070534032 icon-font custom custom\"  data-icon=\"\" data-background=\"\">\n\t\t\t<span class=\"icon\" style=\"font-size:26px;width:20px;height:40px;border-style:solid;\"><i class=\"fas fa-check\"><\/i><\/span>\n\t\t<\/div> <div class=\"content-wrap\"><div class=\"desc\" style=\"padding-left:85px;\"><p>Les bouteilles en plastique recyclables sont respectueuses de l\u2019environnement.<\/p>\n<\/div><\/div><\/div><\/div>[\/vc_column_inner][\/vc_row_inner][vc_empty_space height=\u00a0\u00bb125px\u00a0\u00bb][\/vc_column][\/vc_row][vc_row][vc_column][vc_empty_space height=\u00a0\u00bb75px\u00a0\u00bb]<div class=\"woocommerce columns-2 \"><ul class=\"products columns-2\">\n<li class=\"post-17837 product type-product status-publish has-post-thumbnail hentry product_cat-chef-de-cuisine\">\n\t<div class=\"inner\">\n\t<div class=\"product-thumbnail\"><img loading=\"lazy\" decoding=\"async\" width=\"570\" height=\"684\" src=\"https:\/\/safya.com.tr\/wp-content\/uploads\/2022\/08\/fr_Safya-Mutfak-45Lt-570x684.jpg\" class=\"attachment-woocommerce_thumbnail size-woocommerce_thumbnail\" alt=\"\" \/><\/div><div class=\"product-info\">\n        <div class=\"product-cat\">Chef de Cuisine<\/div>\n<\/div>\t<\/div>\n<\/li>\n<li class=\"post-17838 product type-product status-publish has-post-thumbnail hentry product_cat-chef-de-cuisine\">\n\t<div class=\"inner\">\n\t<div class=\"product-thumbnail\"><img loading=\"lazy\" decoding=\"async\" width=\"570\" height=\"684\" src=\"https:\/\/safya.com.tr\/wp-content\/uploads\/2022\/08\/mutfaksefi-misir-570x684.jpg\" class=\"attachment-woocommerce_thumbnail size-woocommerce_thumbnail\" alt=\"\" \/><\/div><div class=\"product-info\">\n        <div class=\"product-cat\">Chef de Cuisine<\/div>\n<\/div>\t<\/div>\n<\/li>\n<\/ul>\n<\/div>[\/vc_column][\/vc_row][vc_row][vc_column][vc_empty_space height=\u00a0\u00bb100px\u00a0\u00bb][\/vc_column][\/vc_row]<\/p>\n","protected":false},"excerpt":{"rendered":"<p>[vc_row fullwidth=\u00a0\u00bbyes\u00a0\u00bb css=\u00a0\u00bb.vc_custom_1661716607766{padding-top: 100px !important;padding-bottom: 100px !important;}\u00a0\u00bb][vc_column][vc_row_inner css=\u00a0\u00bb.vc_custom_1660510392626{padding-right: 100px !important;padding-left: 100px !important;}\u00a0\u00bb][vc_column_inner][vc_empty_space height=\u00a0\u00bb35px\u00a0\u00bb][vc_column_text] Safya Chef de Cuisine \u00e9t\u00e9 d\u00e9velopp\u00e9e sp\u00e9cialement pour les ma\u00eetres du go\u00fbt. Safya Chef de Cuisine Huile de Tournesol 4.5LT X 4, qui est produite en tenant compte des besoins particuliers des entreprises dans l\u2019industrie agroalimentaire, peut<\/p>\n","protected":false},"author":1,"featured_media":0,"parent":0,"menu_order":0,"comment_status":"closed","ping_status":"closed","template":"","meta":{"footnotes":""},"class_list":["post-17397","page","type-page","status-publish","hentry"],"_links":{"self":[{"href":"https:\/\/safya.com.tr\/fr\/wp-json\/wp\/v2\/pages\/17397","targetHints":{"allow":["GET"]}}],"collection":[{"href":"https:\/\/safya.com.tr\/fr\/wp-json\/wp\/v2\/pages"}],"about":[{"href":"https:\/\/safya.com.tr\/fr\/wp-json\/wp\/v2\/types\/page"}],"author":[{"embeddable":true,"href":"https:\/\/safya.com.tr\/fr\/wp-json\/wp\/v2\/users\/1"}],"replies":[{"embeddable":true,"href":"https:\/\/safya.com.tr\/fr\/wp-json\/wp\/v2\/comments?post=17397"}],"version-history":[{"count":5,"href":"https:\/\/safya.com.tr\/fr\/wp-json\/wp\/v2\/pages\/17397\/revisions"}],"predecessor-version":[{"id":17403,"href":"https:\/\/safya.com.tr\/fr\/wp-json\/wp\/v2\/pages\/17397\/revisions\/17403"}],"wp:attachment":[{"href":"https:\/\/safya.com.tr\/fr\/wp-json\/wp\/v2\/media?parent=17397"}],"curies":[{"name":"wp","href":"https:\/\/api.w.org\/{rel}","templated":true}]}}