{"id":17393,"date":"2022-08-02T00:06:11","date_gmt":"2022-08-02T00:06:11","guid":{"rendered":"https:\/\/safya.com.tr\/oduller\/"},"modified":"2022-11-25T10:45:55","modified_gmt":"2022-11-25T10:45:55","slug":"oduller","status":"publish","type":"page","link":"https:\/\/safya.com.tr\/fr\/oduller\/","title":{"rendered":"Prix"},"content":{"rendered":"<p>[vc_row][vc_column][vc_empty_space height=\u00a0\u00bb100px\u00a0\u00bb][\/vc_column][\/vc_row][vc_row][vc_column width=\u00a0\u00bb1\/2&Prime;]<div class=\"ult-animation  ult-animate-viewport  ult-no-mobile  vc_custom_1659399038974\" data-animate=\"pulse\" data-animation-delay=\"0\" data-animation-duration=\"3\" data-animation-iteration=\"1\" style=\"opacity:0;\" data-opacity_start_effect=\"\">[vc_single_image image=\u00a0\u00bb17560&Prime;]<\/div>[\/vc_column][vc_column width=\u00a0\u00bb1\/2&Prime;][vc_column_text]<\/p>\n<p style=\"text-align: justify;\"><span style=\"line-height: 2em;\">Le go\u00fbt de Safya a \u00e9galement \u00e9t\u00e9 v\u00e9rifi\u00e9 par l\u2019International Taste Institute. L\u2019huile de Tournesol de Safya a obtenu le \u201cSuperior Taste Award\u201d en 2022 \u00e0 la suite de l\u2019\u00e9valuation du go\u00fbt r\u00e9alis\u00e9e par les plus grands chefs et sommeliers du monde.<\/span><\/p>\n<p style=\"text-align: justify;\"><span style=\"line-height: 2em;\">Les prix de Safya ne se limitent pas \u00e0 cela. Safya a \u00e9galement obtenu des prix diff\u00e9rents dans des concours nationaux et internationaux auxquels il a particip\u00e9 avec le design de la bouteille, Sultan.<\/span><\/p>\n<p style=\"text-align: justify;\"><span style=\"line-height: 2em;\">Notre objectif est d\u2019offrir \u00e0 nos consommateurs la forme la plus pure du go\u00fbt. \u00c0 chaque \u00e9tape de notre production, nous visons \u00e0 vous apporter le meilleur produit de qualit\u00e9.. Nous sommes fiers de repr\u00e9senter notre pays sur les plateformes internationales par nos prix de qualit\u00e9 nationaux et internationaux.<\/span><\/p>\n<p>[\/vc_column_text][\/vc_column][\/vc_row][vc_row][vc_column][vc_empty_space]<div class=\"agrikole-headings clearfix text-center\" data-font=40 data-mfont=30 style=\"\"><h2 class=\"heading clearfix \" style=\"color:#3d3c42;line-height:50px;font-size:40px;\">\n\t\tAutres Prix\n\t<\/h2><div class=\"sep clearfix\" style=\"margin:;\">\n\t\t\t\t<img decoding=\"async\" alt=\"image\" src=\"https:\/\/safya.com.tr\/wp-content\/uploads\/2020\/01\/separator.png\">\n\t\t\t<\/div><\/div>[vc_empty_space height=\u00a0\u00bb50px\u00a0\u00bb][\/vc_column][\/vc_row][vc_row][vc_column width=\u00a0\u00bb1\/4&Prime;][vc_single_image image=\u00a0\u00bb17565&Prime;][\/vc_column][vc_column width=\u00a0\u00bb1\/4&Prime; css=\u00a0\u00bb.vc_custom_1660688994467{padding-left: 50px !important;}\u00a0\u00bb][vc_single_image image=\u00a0\u00bb17568&Prime;][\/vc_column][vc_column width=\u00a0\u00bb1\/4&Prime;][vc_single_image image=\u00a0\u00bb17572&Prime;][\/vc_column][vc_column width=\u00a0\u00bb1\/4&Prime;][vc_single_image image=\u00a0\u00bb17575&Prime;][\/vc_column][\/vc_row][vc_row][vc_column][vc_empty_space height=\u00a0\u00bb100px\u00a0\u00bb][\/vc_column][\/vc_row]<\/p>\n","protected":false},"excerpt":{"rendered":"<p>[vc_row][vc_column][vc_empty_space height=\u00a0\u00bb100px\u00a0\u00bb][\/vc_column][\/vc_row][vc_row][vc_column width=\u00a0\u00bb1\/2&Prime;][\/vc_column][vc_column width=\u00a0\u00bb1\/2&Prime;][vc_column_text] Le go\u00fbt de Safya a \u00e9galement \u00e9t\u00e9 v\u00e9rifi\u00e9 par l\u2019International Taste Institute. L\u2019huile de Tournesol de Safya a obtenu le \u201cSuperior Taste Award\u201d en 2022 \u00e0 la suite de l\u2019\u00e9valuation du go\u00fbt r\u00e9alis\u00e9e par les plus grands chefs et sommeliers du monde. Les prix de Safya<\/p>\n","protected":false},"author":1,"featured_media":0,"parent":0,"menu_order":0,"comment_status":"closed","ping_status":"closed","template":"","meta":{"footnotes":""},"class_list":["post-17393","page","type-page","status-publish","hentry"],"_links":{"self":[{"href":"https:\/\/safya.com.tr\/fr\/wp-json\/wp\/v2\/pages\/17393","targetHints":{"allow":["GET"]}}],"collection":[{"href":"https:\/\/safya.com.tr\/fr\/wp-json\/wp\/v2\/pages"}],"about":[{"href":"https:\/\/safya.com.tr\/fr\/wp-json\/wp\/v2\/types\/page"}],"author":[{"embeddable":true,"href":"https:\/\/safya.com.tr\/fr\/wp-json\/wp\/v2\/users\/1"}],"replies":[{"embeddable":true,"href":"https:\/\/safya.com.tr\/fr\/wp-json\/wp\/v2\/comments?post=17393"}],"version-history":[{"count":4,"href":"https:\/\/safya.com.tr\/fr\/wp-json\/wp\/v2\/pages\/17393\/revisions"}],"predecessor-version":[{"id":17578,"href":"https:\/\/safya.com.tr\/fr\/wp-json\/wp\/v2\/pages\/17393\/revisions\/17578"}],"wp:attachment":[{"href":"https:\/\/safya.com.tr\/fr\/wp-json\/wp\/v2\/media?parent=17393"}],"curies":[{"name":"wp","href":"https:\/\/api.w.org\/{rel}","templated":true}]}}