{"id":17378,"date":"2022-08-14T20:08:45","date_gmt":"2022-08-14T20:08:45","guid":{"rendered":"https:\/\/safya.com.tr\/safyanin-oykusu\/"},"modified":"2022-10-29T20:56:00","modified_gmt":"2022-10-29T20:56:00","slug":"lhistoire-de-safya","status":"publish","type":"page","link":"https:\/\/safya.com.tr\/fr\/lhistoire-de-safya\/","title":{"rendered":"L\u2019histoire de Safya"},"content":{"rendered":"<p>[vc_row el_class=\u00a0\u00bboverflow-visible\u00a0\u00bb][vc_column][vc_empty_space height=\u00a0\u00bb100px\u00a0\u00bb][vc_row_inner][vc_column_inner width=\u00a0\u00bb1\/2&Prime;]<div class=\"agrikole-headings clearfix \" data-font=40 data-mfont=30 style=\"\"><div class=\"pre-heading clearfix\" style=\"font-weight:600;color:#3d3c42;font-size:14px;letter-spacing:3px;\">\n\t\tSAFYA\n\t<\/div><h2 class=\"heading clearfix \" style=\"color:#3d3c42;line-height:50px;font-size:40px;\">\n\t\tLE GO\u00dbT PUR DE<br \/>\nLA CUISINE DE M\u00c8RE\n\t<\/h2><div class=\"sep clearfix\" style=\"margin:5px 0 0;\">\n\t\t\t\t<img decoding=\"async\" alt=\"image\" src=\"https:\/\/safya.com.tr\/wp-content\/uploads\/2020\/01\/separator.png\">\n\t\t\t<\/div><\/div>[\/vc_column_inner][vc_column_inner width=\u00a0\u00bb1\/2&Prime;][vc_empty_space height=\u00a0\u00bb35px\u00a0\u00bb][vc_column_text]<\/p>\n<p style=\"text-align: justify;\"><span style=\"line-height: 2em;\">La cuisine est consid\u00e9r\u00e9e comme le c\u0153ur d\u2019une maison. Les tables qui r\u00e9unissent toute la famille, les parfums qui nourrissent nos plus pr\u00e9cieux souvenirs d\u2019enfance, etc. appartient aux go\u00fbts dans la cuisine de nos m\u00e8res.<\/span><\/p>\n<p style=\"text-align: justify;\"><span style=\"line-height: 2em;\">Nous, Safya, visons \u00e0 apporter ces d\u00e9licieux plats pr\u00e9par\u00e9s par nos m\u00e8res dans les cuisines du jour. <\/span><\/p>\n<p>[\/vc_column_text][\/vc_column_inner][\/vc_row_inner][vc_empty_space height=\u00a0\u00bb125px\u00a0\u00bb][\/vc_column][\/vc_row][vc_row fullwidth=\u00a0\u00bbyes\u00a0\u00bb css=\u00a0\u00bb.vc_custom_1661182134418{padding-top: 100px !important;padding-bottom: 100px !important;background-color: #f5f0e9 !important;}\u00a0\u00bb][vc_column][vc_row_inner css=\u00a0\u00bb.vc_custom_1660510392626{padding-right: 100px !important;padding-left: 100px !important;}\u00a0\u00bb][vc_column_inner]<div class=\"agrikole-headings clearfix text-center\" data-font=40 data-mfont=30 style=\"\"><h2 class=\"heading clearfix \" style=\"color:#3d3c42;line-height:50px;font-size:40px;\">\n\t\tSAFYA, LE GO\u00dbT LE PLUS PUR\n\t<\/h2><div class=\"sep clearfix\" style=\"margin:5px 0 0;\">\n\t\t\t\t<img decoding=\"async\" alt=\"image\" src=\"https:\/\/safya.com.tr\/wp-content\/uploads\/2020\/01\/separator.png\">\n\t\t\t<\/div><\/div>[vc_empty_space height=\u00a0\u00bb35px\u00a0\u00bb][vc_column_text]<\/p>\n<p style=\"text-align: center;\"><span style=\"line-height: 2em;\">Il \u00e9tait une fois, une m\u00e8re d\u00e9nomm\u00e9e \u201cSafya Han\u0131m\u201d vivait en Anatolie. Cette m\u00e8re \u00e9tait r\u00e9put\u00e9e gr\u00e2ce \u00e0 ses plats d\u00e9licieux. Les plats que Safya Han\u0131m pr\u00e9parait avec ses mains habiles \u00e9taient si populaires qu\u2019on lui demandait de pr\u00e9parer tous les repas de mariage. Les invit\u00e9s venaient aux mariages avec une excitation diff\u00e9rente lorsqu\u2019ils apprenaient que Safya Han\u0131m pr\u00e9parait le repas de mariage.<\/span><\/p>\n<p style=\"text-align: center;\"><span style=\"line-height: 2em;\">Safya Han\u0131m cuisinait toujours ses plats en utilisant l\u2019huile de tournesol pure. Lorsque le secret du go\u00fbt \u00e9tait interrog\u00e9, elle avait toujours donn\u00e9 la m\u00eame r\u00e9ponse : puret\u00e9 et naturel.<\/span><\/p>\n<p style=\"text-align: center;\"><span style=\"line-height: 2em;\">Ce qui c\u2019est notre source d\u2019inspiration. Nous visons d\u2019apporter le secret des plats d\u00e9licieux de Safya Han\u0131m, c\u2019est-\u00e0-dire l\u2019huile de tournesol pure, aux tables de T\u00fcrkiye et du monde. Nous avons donc couronn\u00e9 le nom de notre huile de tournesol de son nom v\u00e9n\u00e9rable, Safya.<\/span><\/p>\n<p>[\/vc_column_text][\/vc_column_inner][\/vc_row_inner][\/vc_column][\/vc_row][vc_row][vc_column][vc_empty_space height=\u00a0\u00bb110px\u00a0\u00bb][\/vc_column][\/vc_row][vc_row][vc_column width=\u00a0\u00bb1\/2&Prime;]<div class=\"agrikole-simple-image simple \" style=\" max-width:500px;\">\n\t\t\t\t<img decoding=\"async\" alt=\"image\" src=\"https:\/\/safya.com.tr\/wp-content\/uploads\/2022\/08\/Safyanin-Hikayesi-Yuksek-Inovasyon-1.jpg\" \/> \n\t\t\t<\/div>[\/vc_column][vc_column width=\u00a0\u00bb1\/2&Prime;][vc_empty_space height=\u00a0\u00bb15px\u00a0\u00bb]<div class=\"agrikole-headings clearfix text-center\" data-font=40 data-mfont=30 style=\"\"><h2 class=\"heading clearfix \" style=\"color:#3d3c42;line-height:50px;font-size:40px;\">\n\t\tIL Y A UNE HAUTE INNOVATION DERRI\u00c8RE CETTE PURET\u00c9 ET CE GO\u00dbT\n\t<\/h2><div class=\"sep clearfix\" style=\"margin:5px 0 0;\">\n\t\t\t\t<img decoding=\"async\" alt=\"image\" src=\"https:\/\/safya.com.tr\/wp-content\/uploads\/2020\/01\/separator.png\">\n\t\t\t<\/div><\/div>[vc_empty_space height=\u00a0\u00bb50px\u00a0\u00bb][vc_column_text]<\/p>\n<p style=\"text-align: justify;\"><span style=\"line-height: 2em;\">Nous nous inspirons des m\u00e8res habiles d\u2019Anatolie et notre qualit\u00e9 vient de notre croyance en l\u2019innovation. Nous suivons attentivement les technologies alimentaires afin d\u2019apporter la forme d\u2019huile de tournesol la plus pure et la plus d\u00e9licieuse \u00e0 vos tables. C\u2019est pourquoi les laboratoires de notre usine de production enti\u00e8rement int\u00e9gr\u00e9e qui est situ\u00e9e \u00e0 Mersin, porte d\u2019entr\u00e9e de T\u00fcrkiye sur le monde, disposent des derni\u00e8res technologies. Nous travaillons jour et nuit (7\/24) dans nos laboratoires de haute technologie et nous contr\u00f4lons soigneusement chaque \u00e9tape de notre production.<\/span><\/p>\n<p>[\/vc_column_text][\/vc_column][\/vc_row][vc_row el_class=\u00a0\u00bboverflow-visible\u00a0\u00bb][vc_column][vc_empty_space height=\u00a0\u00bb110px\u00a0\u00bb][\/vc_column][\/vc_row][vc_row el_class=\u00a0\u00bboverflow-visible\u00a0\u00bb css=\u00a0\u00bb.vc_custom_1661188961365{padding-top: 100px !important;padding-bottom: 100px !important;background-image: url(http:\/\/safya.com.tr\/wp-content\/uploads\/2022\/08\/surdurulebilirlik-bg-4.jpg?id=15486) !important;background-position: center !important;background-repeat: no-repeat !important;background-size: cover !important;}\u00a0\u00bb][vc_column width=\u00a0\u00bb5\/12&Prime;]<div class=\"agrikole-headings clearfix text-center\" data-font=40 data-mfont=30 style=\"\"><div class=\"pre-heading clearfix\" style=\"font-weight:600;color:#3d3c42;font-size:14px;letter-spacing:3px;\">\n\t\tSAFYA\n\t<\/div><h2 class=\"heading clearfix \" style=\"color:#3d3c42;line-height:50px;font-size:40px;\">\n\t\tPOUR UN<br \/>\nMONDE PROPRE\n\t<\/h2><div class=\"sep clearfix\" style=\"margin:5px 0 0;\">\n\t\t\t\t<img decoding=\"async\" alt=\"image\" src=\"https:\/\/safya.com.tr\/wp-content\/uploads\/2020\/01\/separator.png\">\n\t\t\t<\/div><\/div>[\/vc_column][vc_column width=\u00a0\u00bb7\/12&Prime;][vc_column_text]<\/p>\n<p style=\"text-align: justify; line-height: 2em;\"><span>Laisser un monde vivable, c\u2019est le seul v\u00e9ritable h\u00e9ritage que nous pouvons donner \u00e0 nos enfants. C\u2019est pourquoi que la pr\u00e9vention de la pollution de l\u2019environnement est l\u2019un des questions les plus importantes de nos travaux. Nous visons \u00e0 contribuer \u00e0 un monde durable dans l\u2019ensemble de nos travaux, de la conception \u00e0 la production, de la logistique \u00e0 l\u2019exp\u00e9rience de l\u2019utilisateur final.<\/span><\/p>\n<p style=\"text-align: justify; line-height: 2em;\"><span>Pour l\u2019objectif d\u2019un monde durable, nos travaux commencent d\u00e8s la premi\u00e8re \u00e9tape de la production. Dans notre usine de production o\u00f9 nous avons r\u00e9alis\u00e9 tous les investissements d\u2019infrastructure n\u00e9cessaires afin de pr\u00e9venir la pollution de l\u2019environnement, nous produisons nos produits sans utiliser de substances nocives pour la sant\u00e9 humaine.<\/span><\/p>\n<p style=\"text-align: justify; line-height: 2em;\"><span>Nos d\u00e9cisions environnementales ne se limitent pas \u00e0 notre production. Nous nous effor\u00e7ons \u00e9galement d\u2019emp\u00eacher les huiles usag\u00e9es de se m\u00e9langer \u00e0 l\u2019eau et de les recycler. Nous encourageons les utilisateurs finaux \u00e0 accumuler les huiles usag\u00e9es par nos projets environnementaux. Gr\u00e2ce \u00e0 notre projet d\u2019huile usag\u00e9e, nous visons \u00e0 sensibiliser au recyclage non seulement en T\u00fcrkiye mais aussi dans le monde.<\/span><\/p>\n<p>[\/vc_column_text][\/vc_column][\/vc_row][vc_row][vc_column][vc_empty_space height=\u00a0\u00bb110px\u00a0\u00bb][\/vc_column][\/vc_row][vc_row][vc_column width=\u00a0\u00bb1\/2&Prime; css=\u00a0\u00bb.vc_custom_1660517148053{padding-right: 50px !important;}\u00a0\u00bb][vc_empty_space height=\u00a0\u00bb15px\u00a0\u00bb]<div class=\"agrikole-headings clearfix text-center\" data-font=40 data-mfont=30 style=\"\"><div class=\"pre-heading clearfix\" style=\"font-weight:600;color:#3d3c42;font-size:14px;letter-spacing:3px;\">\n\t\tSAFYA\n\t<\/div><h2 class=\"heading clearfix \" style=\"color:#3d3c42;line-height:50px;font-size:40px;\">\n\t\tIL Y A DES FEMMES FORTES DERRI\u00c8RE CETTE MARQUE\n\t<\/h2><div class=\"sep clearfix\" style=\"margin:5px 0 0;\">\n\t\t\t\t<img decoding=\"async\" alt=\"image\" src=\"https:\/\/safya.com.tr\/wp-content\/uploads\/2020\/01\/separator.png\">\n\t\t\t<\/div><\/div>[vc_empty_space height=\u00a0\u00bb50px\u00a0\u00bb][vc_column_text]<\/p>\n<p style=\"text-align: justify;\"><span style=\"line-height: 2em;\">Notre nom vient d\u2019une m\u00e8re v\u00e9n\u00e9rable d\u2019Anatolie et notre force vient de nos employ\u00e9es femmes. Nous croyons que l\u2019emploi des femmes est l\u2019un des aspects les plus importants du d\u00e9veloppement social. C\u2019est pourquoi nous sommes fiers d\u2019\u00eatre l\u2019une des marques employant le plus grand nombre de travailleuses en Turquie avec notre politique de ressources humaines.<\/span><\/p>\n<p>[\/vc_column_text][\/vc_column][vc_column width=\u00a0\u00bb1\/2&Prime;]<div class=\"agrikole-simple-image simple \" style=\" max-width:500px;\">\n\t\t\t\t<img decoding=\"async\" alt=\"image\" src=\"https:\/\/safya.com.tr\/wp-content\/uploads\/2022\/08\/Kadin-Calisan-1.jpg\" \/> \n\t\t\t<\/div>[\/vc_column][\/vc_row][vc_row][vc_column][vc_empty_space height=\u00a0\u00bb100px\u00a0\u00bb][\/vc_column][\/vc_row]<\/p>\n","protected":false},"excerpt":{"rendered":"<p>[vc_row el_class=\u00a0\u00bboverflow-visible\u00a0\u00bb][vc_column][vc_empty_space height=\u00a0\u00bb100px\u00a0\u00bb][vc_row_inner][vc_column_inner width=\u00a0\u00bb1\/2&Prime;][\/vc_column_inner][vc_column_inner width=\u00a0\u00bb1\/2&Prime;][vc_empty_space height=\u00a0\u00bb35px\u00a0\u00bb][vc_column_text] La cuisine est consid\u00e9r\u00e9e comme le c\u0153ur d\u2019une maison. Les tables qui r\u00e9unissent toute la famille, les parfums qui nourrissent nos plus pr\u00e9cieux souvenirs d\u2019enfance, etc. appartient aux go\u00fbts dans la cuisine de nos m\u00e8res. Nous, Safya, visons \u00e0 apporter ces d\u00e9licieux plats pr\u00e9par\u00e9s<\/p>\n","protected":false},"author":1,"featured_media":0,"parent":0,"menu_order":0,"comment_status":"closed","ping_status":"closed","template":"","meta":{"footnotes":""},"class_list":["post-17378","page","type-page","status-publish","hentry"],"_links":{"self":[{"href":"https:\/\/safya.com.tr\/fr\/wp-json\/wp\/v2\/pages\/17378","targetHints":{"allow":["GET"]}}],"collection":[{"href":"https:\/\/safya.com.tr\/fr\/wp-json\/wp\/v2\/pages"}],"about":[{"href":"https:\/\/safya.com.tr\/fr\/wp-json\/wp\/v2\/types\/page"}],"author":[{"embeddable":true,"href":"https:\/\/safya.com.tr\/fr\/wp-json\/wp\/v2\/users\/1"}],"replies":[{"embeddable":true,"href":"https:\/\/safya.com.tr\/fr\/wp-json\/wp\/v2\/comments?post=17378"}],"version-history":[{"count":4,"href":"https:\/\/safya.com.tr\/fr\/wp-json\/wp\/v2\/pages\/17378\/revisions"}],"predecessor-version":[{"id":17384,"href":"https:\/\/safya.com.tr\/fr\/wp-json\/wp\/v2\/pages\/17378\/revisions\/17384"}],"wp:attachment":[{"href":"https:\/\/safya.com.tr\/fr\/wp-json\/wp\/v2\/media?parent=17378"}],"curies":[{"name":"wp","href":"https:\/\/api.w.org\/{rel}","templated":true}]}}