{"id":16147,"date":"2022-08-13T12:46:50","date_gmt":"2022-08-13T12:46:50","guid":{"rendered":"http:\/\/safya.com.tr\/kariyer\/"},"modified":"2022-08-13T12:46:50","modified_gmt":"2022-08-13T12:46:50","slug":"kariyer","status":"publish","type":"page","link":"https:\/\/safya.com.tr\/en\/kariyer\/","title":{"rendered":"Kariyer"},"content":{"rendered":"<p>[vc_row][vc_column][vc_empty_space height=&#8221;100px&#8221;][\/vc_column][\/vc_row][vc_row][vc_column width=&#8221;1\/2&#8243;]<div class=\"agrikole-headings clearfix \" data-font=50 data-mfont=32 style=\"\"><h2 class=\"heading clearfix \" style=\"color:#404a3d;line-height:50px;font-size:50px;\">\n\t\t\u0130NSAN KAYNAKLARI POL\u0130T\u0130KAMIZ\n\t<\/h2><div class=\"sep clearfix\" style=\"margin:5px 0 0;\">\n\t\t\t\t<img decoding=\"async\" alt=\"image\" src=\"https:\/\/safya.com.tr\/wp-content\/uploads\/2020\/01\/separator.png\">\n\t\t\t<\/div><\/div>[\/vc_column][vc_column width=&#8221;1\/2&#8243;][vc_column_text]<\/p>\n<p style=\"text-align: justify;\"><span style=\"line-height: 2em;\">\u015eirketin vizyon ve misyonu paralelinde, insan kayna\u011f\u0131n\u0131 en iyi \u015fekilde de\u011ferlendirerek, \u015firketin hedeflerini ger\u00e7ekle\u015ftirebilmesi i\u00e7in gerekli insan kayna\u011f\u0131 alt yap\u0131s\u0131n\u0131 haz\u0131rlamak, geli\u015ftirmek, \u00e7a\u011fda\u015f y\u00f6netim teknikleri kullanarak \u00f6\u011frenen, geli\u015fen, yarat\u0131c\u0131 ve katma de\u011fer yaratan, \u00e7evreye, i\u015f sa\u011fl\u0131\u011f\u0131 ve g\u00fcvenli\u011fine duyarl\u0131 bir organizasyon kurmakt\u0131r.<\/span><\/p>\n<p>[\/vc_column_text][\/vc_column][\/vc_row][vc_row][vc_column][vc_empty_space height=&#8221;120px&#8221;][\/vc_column][\/vc_row][vc_row css=&#8221;.vc_custom_1660693884685{background-color: #eddd5e !important;}&#8221;][vc_column][vc_empty_space height=&#8221;100px&#8221;]<div class=\"agrikole-headings clearfix text-center\" data-font=50 data-mfont=32 style=\"\"><h2 class=\"heading clearfix \" style=\"color:#404a3d;line-height:50px;font-size:50px;\">\n\t\t\u0130NSAN KAYNAKLARI STRATEJ\u0130LER\u0130M\u0130Z\n\t<\/h2><div class=\"sep clearfix\" style=\"margin:5px 0 0;\">\n\t\t\t\t<img decoding=\"async\" alt=\"image\" src=\"https:\/\/safya.com.tr\/wp-content\/uploads\/2020\/01\/separator.png\">\n\t\t\t<\/div><\/div>[vc_empty_space height=&#8221;50px&#8221;][vc_column_text]<\/p>\n<div style=\"text-align: center; line-height: 2em;\">\n<p><img loading=\"lazy\" decoding=\"async\" src=\"http:\/\/safya.com.tr\/wp-content\/uploads\/2022\/08\/bulletlist.png\" alt=\"\" width=\"10\" height=\"10\" class=\"alignnone size-full wp-image-15327\" \/>\u00a0\u015eirketin hedeflerine ula\u015fmas\u0131na katk\u0131 sa\u011flayacak \u0130nsan Kaynaklar\u0131 politika ve uygulamalar\u0131 olu\u015fturmak,<br \/>\n<img loading=\"lazy\" decoding=\"async\" src=\"http:\/\/safya.com.tr\/wp-content\/uploads\/2022\/08\/bulletlist.png\" alt=\"\" width=\"10\" height=\"10\" class=\"alignnone size-full wp-image-15327\" \/> Etkin bir i\u015fe al\u0131m politikas\u0131yla, \u015firket de\u011ferlerine katk\u0131 sa\u011flayacak, sonu\u00e7 odakl\u0131, h\u0131zl\u0131 karar alan bir organizasyon yap\u0131s\u0131 ve her seviyede bunu destekleyen, yetkinlikleri y\u00fcksek tak\u0131m olu\u015fturmak,<br \/>\n<img loading=\"lazy\" decoding=\"async\" src=\"http:\/\/safya.com.tr\/wp-content\/uploads\/2022\/08\/bulletlist.png\" alt=\"\" width=\"10\" height=\"10\" class=\"alignnone size-full wp-image-15327\" \/> Adil bir kariyer ve \u00fccret politikas\u0131 uygulamak,<br \/>\n<img loading=\"lazy\" decoding=\"async\" src=\"http:\/\/safya.com.tr\/wp-content\/uploads\/2022\/08\/bulletlist.png\" alt=\"\" width=\"10\" height=\"10\" class=\"alignnone size-full wp-image-15327\" \/> Hedef bazl\u0131 y\u00f6netim modeli ile \u00e7al\u0131\u015fanlar\u0131n\u0131n ba\u015far\u0131s\u0131n\u0131 ve s\u00fcrekli geli\u015fimini destekleyerek, \u015firketin hedeflerine ula\u015fmas\u0131na katk\u0131 sa\u011flamak,<br \/>\n<img loading=\"lazy\" decoding=\"async\" src=\"http:\/\/safya.com.tr\/wp-content\/uploads\/2022\/08\/bulletlist.png\" alt=\"\" width=\"10\" height=\"10\" class=\"alignnone size-full wp-image-15327\" \/> Etkin bir insan kaynaklar\u0131 planlamas\u0131 ile \u015firketin gelece\u011fini y\u00f6netecek liderlerin yeti\u015fmesini sa\u011flamak.<br \/>\n<img loading=\"lazy\" decoding=\"async\" src=\"http:\/\/safya.com.tr\/wp-content\/uploads\/2022\/08\/bulletlist.png\" alt=\"\" width=\"10\" height=\"10\" class=\"alignnone size-full wp-image-15327\" \/> \u00c7al\u0131\u015fanlar\u0131n\u0131n memnuniyetini, motivasyonunu ve \u015firkete ba\u011fl\u0131l\u0131\u011f\u0131n\u0131 artt\u0131rmak,<br \/>\n<img loading=\"lazy\" decoding=\"async\" src=\"http:\/\/safya.com.tr\/wp-content\/uploads\/2022\/08\/bulletlist.png\" alt=\"\" width=\"10\" height=\"10\" class=\"alignnone size-full wp-image-15327\" \/> \u00c7al\u0131\u015fanlar\u0131n sosyal ve k\u00fclt\u00fcrel gereksinimlerini kar\u015f\u0131layarak &#8220;Kurum K\u00fclt\u00fcr\u00fc ve Bilinci&#8221;nin olu\u015fmas\u0131n\u0131 sa\u011flamak,<br \/>\n<img loading=\"lazy\" decoding=\"async\" src=\"http:\/\/safya.com.tr\/wp-content\/uploads\/2022\/08\/bulletlist.png\" alt=\"\" width=\"10\" height=\"10\" class=\"alignnone size-full wp-image-15327\" \/> Ba\u015far\u0131y\u0131 ve yarat\u0131c\u0131l\u0131\u011f\u0131 te\u015fvik edecek sistemleri geli\u015ftirmek,<\/p>\n<\/div>\n<p>[\/vc_column_text][vc_empty_space height=&#8221;100px&#8221;][\/vc_column][\/vc_row][vc_row][vc_column][vc_empty_space height=&#8221;100px&#8221;][\/vc_column][\/vc_row][vc_row][vc_column width=&#8221;1\/2&#8243;][vc_empty_space height=&#8221;15px&#8221;]<div class=\"agrikole-simple-image simple \" style=\" max-width:550px;\">\n\t\t\t\t<img decoding=\"async\" alt=\"image\" src=\"https:\/\/safya.com.tr\/wp-content\/uploads\/2022\/08\/IK-Politikalari.jpg\" \/> \n\t\t\t<\/div>[\/vc_column][vc_column width=&#8221;1\/2&#8243;]<div class=\"agrikole-headings clearfix text-center\" data-font=50 data-mfont=32 style=\"\"><h2 class=\"heading clearfix \" style=\"color:#404a3d;line-height:50px;font-size:50px;\">\n\t\tE\u011e\u0130T\u0130M POL\u0130T\u0130KAMIZ\n\t<\/h2><div class=\"sep clearfix\" style=\"margin:5px 0 0;\">\n\t\t\t\t<img decoding=\"async\" alt=\"image\" src=\"https:\/\/safya.com.tr\/wp-content\/uploads\/2020\/01\/separator.png\">\n\t\t\t<\/div><\/div>[vc_empty_space height=&#8221;50px&#8221;][vc_column_text]<\/p>\n<p style=\"text-align: justify;\"><span style=\"line-height: 2em;\">Hayat boyu \u00f6\u011frenme ve \u00e7al\u0131\u015fanlar\u0131m\u0131z\u0131n yetkinliklerinin geli\u015ftirilmesi, motivasyon ve i\u015f performanslar\u0131n\u0131n art\u0131r\u0131lmas\u0131na y\u00f6nelik, e\u011fitim ve geli\u015fim ihtiya\u00e7lar\u0131n\u0131 tespit ediyor, y\u0131ll\u0131k e\u011fitim planlar\u0131 do\u011frultusunda uygulanmas\u0131n\u0131 sa\u011fl\u0131yor ve etkinli\u011fini de\u011ferlendiriyoruz.<br \/>\n<\/span><\/p>\n<p style=\"text-align: justify;\"><span style=\"line-height: 2em;\">Bir ad\u0131m \u00f6nde olmak, fark yaratmak ve \u00e7al\u0131\u015fanlar\u0131m\u0131z\u0131 en iyi \u015fekilde desteklemek i\u00e7in \u00f6\u011frenmeye ve geli\u015fmeye y\u00f6nelik \u015firket i\u00e7i ve \u015firket d\u0131\u015f\u0131 programlarla organizasyonel geli\u015fimimizi s\u00fcrekli k\u0131lmay\u0131 sa\u011fl\u0131yoruz.<\/span><\/p>\n<p>[\/vc_column_text][vc_empty_space height=&#8221;50px&#8221;]<div class=\"agrikole-headings clearfix text-center\" data-font=50 data-mfont=32 style=\"\"><h2 class=\"heading clearfix \" style=\"color:#404a3d;line-height:50px;font-size:50px;\">\n\t\tSOSYAL FAAL\u0130YETLER\n\t<\/h2><div class=\"sep clearfix\" style=\"margin:5px 0 0;\">\n\t\t\t\t<img decoding=\"async\" alt=\"image\" src=\"https:\/\/safya.com.tr\/wp-content\/uploads\/2020\/01\/separator.png\">\n\t\t\t<\/div><\/div>[vc_empty_space height=&#8221;50px&#8221;][vc_column_text]<\/p>\n<p style=\"text-align: justify;\"><span style=\"line-height: 2em;\">\u00c7al\u0131\u015fanlar\u0131m\u0131z aras\u0131nda ileti\u015fim, motivasyon, tak\u0131m ruhu ve dayan\u0131\u015fmay\u0131 peki\u015ftirmek amac\u0131yla t\u00fcm \u00e7al\u0131\u015fanlar\u0131m\u0131z\u0131n kat\u0131l\u0131m\u0131yla yemek ve gezi organizasyonlar\u0131, spor m\u00fcsabakalar\u0131, turnuvalar, \u00f6d\u00fcll\u00fc yar\u0131\u015fmalar, \u00e7al\u0131\u015fanlar\u0131m\u0131z\u0131n aileleriyle birlikte kat\u0131ld\u0131klar\u0131 etkinlikler d\u00fczenliyoruz.<br \/>\n<\/span><\/p>\n<p style=\"text-align: justify;\"><span style=\"line-height: 2em;\">Her y\u0131l d\u00fczenledi\u011fimiz etkinlikler ve organizasyonlarla \u00e7al\u0131\u015fanlar\u0131m\u0131z\u0131n birlikteli\u011fini sa\u011flama ve ortak de\u011ferler alt\u0131nda birle\u015ferek bir b\u00fct\u00fcn\u00fcn par\u00e7as\u0131 olma bilincinin yerle\u015ftirilmesini ama\u00e7l\u0131yoruz.<\/span><\/p>\n<p>[\/vc_column_text][\/vc_column][\/vc_row][vc_row][vc_column][vc_empty_space height=&#8221;100px&#8221;][\/vc_column][\/vc_row][vc_row css=&#8221;.vc_custom_1661292064501{background-color: #f5f0eb !important;}&#8221;][vc_column el_class=&#8221;ilkeler&#8221;][vc_empty_space height=&#8221;100px&#8221;]<div class=\"agrikole-headings clearfix text-center\" data-font=50 data-mfont=32 style=\"\"><h2 class=\"heading clearfix \" style=\"color:#404a3d;line-height:50px;font-size:50px;\">\n\t\t\u0130LKELER\u0130M\u0130Z\n\t<\/h2><div class=\"sep clearfix\" style=\"margin:5px 0 0;\">\n\t\t\t\t<img decoding=\"async\" alt=\"image\" src=\"https:\/\/safya.com.tr\/wp-content\/uploads\/2020\/01\/separator.png\">\n\t\t\t<\/div><\/div>[vc_empty_space height=&#8221;50px&#8221;][vc_row_inner][vc_column_inner width=&#8221;1\/4&#8243;]<div class=\"agrikole-simple-image simple \" style=\" max-width:150px;text-align:center; margin:0 auto;\">\n\t\t\t\t<img decoding=\"async\" alt=\"image\" src=\"https:\/\/safya.com.tr\/wp-content\/uploads\/2022\/08\/durustluk.png\" \/> \n\t\t\t<\/div>[vc_column_text]<\/p>\n<h5 style=\"text-align: center;\">D\u00dcR\u00dcSTL\u00dcK<\/h5>\n<p style=\"text-align: center;\"><span style=\"line-height: 2em;\">Her zaman d\u00fcr\u00fcst olun.<\/span><\/p>\n<p>[\/vc_column_text][\/vc_column_inner][vc_column_inner width=&#8221;1\/4&#8243;]<div class=\"agrikole-simple-image simple \" style=\" max-width:150px;text-align:center; margin:0 auto;\">\n\t\t\t\t<img decoding=\"async\" alt=\"image\" src=\"https:\/\/safya.com.tr\/wp-content\/uploads\/2022\/08\/ahenk.png\" \/> \n\t\t\t<\/div>[vc_column_text]<\/p>\n<h5 style=\"text-align: center;\">AHENK VE KOOPERASYON<\/h5>\n<p style=\"text-align: center;\"><span style=\"line-height: 2em;\">Birlikte ve uyum i\u00e7inde \u00e7al\u0131\u015f\u0131n.<\/span><\/p>\n<p>[\/vc_column_text][\/vc_column_inner][vc_column_inner width=&#8221;1\/4&#8243;]<div class=\"agrikole-simple-image simple \" style=\" max-width:150px;text-align:center; margin:0 auto;\">\n\t\t\t\t<img decoding=\"async\" alt=\"image\" src=\"https:\/\/safya.com.tr\/wp-content\/uploads\/2022\/08\/daha-iyi.png\" \/> \n\t\t\t<\/div>[vc_column_text]<\/p>\n<h5 style=\"text-align: center;\">DAHA \u0130Y\u0130 \u0130\u00c7\u0130N M\u00dcCADELE<\/h5>\n<p style=\"text-align: center;\"><span style=\"line-height: 2em;\">Kendinizden ve di\u011ferlerinden en iyisini bekleyin.<\/span><\/p>\n<p>[\/vc_column_text][\/vc_column_inner][vc_column_inner width=&#8221;1\/4&#8243;]<div class=\"agrikole-simple-image simple \" style=\" max-width:150px;text-align:center; margin:0 auto;\">\n\t\t\t\t<img decoding=\"async\" alt=\"image\" src=\"https:\/\/safya.com.tr\/wp-content\/uploads\/2022\/08\/nezaket.png\" \/> \n\t\t\t<\/div>[vc_column_text]<\/p>\n<h5 style=\"text-align: center;\">NEZAKET VE TEVAZU<\/h5>\n<p style=\"text-align: center;\"><span style=\"line-height: 2em;\">Kibar ve al\u00e7ak g\u00f6n\u00fcll\u00fc olun.<\/span><\/p>\n<p>[\/vc_column_text][\/vc_column_inner][\/vc_row_inner][vc_empty_space height=&#8221;50px&#8221;][vc_row_inner][vc_column_inner width=&#8221;1\/3&#8243;]<div class=\"agrikole-simple-image simple \" style=\" max-width:150px;text-align:center; margin:0 auto;\">\n\t\t\t\t<img decoding=\"async\" alt=\"image\" src=\"https:\/\/safya.com.tr\/wp-content\/uploads\/2022\/08\/ahde-vefa.png\" \/> \n\t\t\t<\/div>[vc_column_text]<\/p>\n<h5 style=\"text-align: center;\">AHDE VEFA<\/h5>\n<p style=\"text-align: center;\"><span style=\"line-height: 2em;\">Verdi\u011finiz s\u00f6ze sad\u0131k kal\u0131n.<\/span><\/p>\n<p>[\/vc_column_text][\/vc_column_inner][vc_column_inner width=&#8221;1\/3&#8243;]<div class=\"agrikole-simple-image simple \" style=\" max-width:150px;text-align:center; margin:0 auto;\">\n\t\t\t\t<img decoding=\"async\" alt=\"image\" src=\"https:\/\/safya.com.tr\/wp-content\/uploads\/2022\/08\/milli-hizmet.png\" \/> \n\t\t\t<\/div>[vc_column_text]<\/p>\n<h5 style=\"text-align: center;\">SANAY\u0130 YOLU \u0130LE M\u0130LL\u0130 H\u0130ZMET<\/h5>\n<p style=\"text-align: center;\"><span style=\"line-height: 2em;\">\u00dclke ve ulus i\u00e7in hizmet edin.<\/span><\/p>\n<p>[\/vc_column_text][\/vc_column_inner][vc_column_inner width=&#8221;1\/3&#8243;]<div class=\"agrikole-simple-image simple \" style=\" max-width:150px;text-align:center; margin:0 auto;\">\n\t\t\t\t<img decoding=\"async\" alt=\"image\" src=\"https:\/\/safya.com.tr\/wp-content\/uploads\/2022\/08\/sukur.png\" \/> \n\t\t\t<\/div>[vc_column_text]<\/p>\n<h5 style=\"text-align: center;\">\u015e\u00dcKRETMEK<\/h5>\n<p style=\"text-align: center;\"><span style=\"line-height: 2em;\">Sahip olduklar\u0131n\u0131z\u0131n de\u011ferini bilin.<\/span><\/p>\n<p>[\/vc_column_text][\/vc_column_inner][\/vc_row_inner][vc_empty_space height=&#8221;100px&#8221;][\/vc_column][\/vc_row][vc_row][vc_column][vc_empty_space height=&#8221;100px&#8221;][\/vc_column][\/vc_row][vc_row][vc_column width=&#8221;1\/2&#8243; css=&#8221;.vc_custom_1660698661691{padding-right: 50px !important;}&#8221;][vc_empty_space height=&#8221;50px&#8221;]<div class=\"agrikole-headings clearfix text-center\" data-font=70 data-mfont=60 style=\"\"><h2 class=\"heading clearfix \" style=\"color:#404a3d;line-height:70px;font-size:70px;\">\n\t\tYEN\u0130 B\u0130R GELECEK\n\t<\/h2><div class=\"sep clearfix\" style=\"margin:5px 0 0;\">\n\t\t\t\t<img decoding=\"async\" alt=\"image\" src=\"https:\/\/safya.com.tr\/wp-content\/uploads\/2020\/01\/separator.png\">\n\t\t\t<\/div><\/div>[vc_empty_space height=&#8221;50px&#8221;][vc_column_text]<\/p>\n<p style=\"text-align: justify;\"><span style=\"line-height: 2em;\">Safya ve AVES A.\u015e.\u2019nin kariyer f\u0131rsatlar\u0131yla yeni bir gelece\u011fe haz\u0131r m\u0131s\u0131n\u0131z?<\/span><\/p>\n<p style=\"text-align: justify;\"><span style=\"line-height: 2em;\">\u0130\u015fe al\u0131m s\u00fcre\u00e7lerimizde de\u011ferlendirmek \u00fczere \u00f6zge\u00e7mi\u015finizi payla\u015fmak i\u00e7in buraya <a href=\"https:\/\/www.avesas.com.tr\/TR\/BasvuruPerson\" target=\"_blank\" rel=\"noopener\">t\u0131klay\u0131n<\/a>.<\/span><\/p>\n<p>[\/vc_column_text][\/vc_column][vc_column width=&#8221;1\/2&#8243;]<div class=\"agrikole-simple-image simple \" style=\" max-width:500px;\">\n\t\t\t\t<img decoding=\"async\" alt=\"image\" src=\"https:\/\/safya.com.tr\/wp-content\/uploads\/2022\/08\/Yeni-Bir-Gelecek.jpg\" \/> \n\t\t\t<\/div>[\/vc_column][\/vc_row][vc_row][vc_column][vc_empty_space height=&#8221;100px&#8221;][\/vc_column][\/vc_row]<\/p>\n","protected":false},"excerpt":{"rendered":"<p>[vc_row][vc_column][vc_empty_space height=&#8221;100px&#8221;][\/vc_column][\/vc_row][vc_row][vc_column width=&#8221;1\/2&#8243;][\/vc_column][vc_column width=&#8221;1\/2&#8243;][vc_column_text] \u015eirketin vizyon ve misyonu paralelinde, insan kayna\u011f\u0131n\u0131 en iyi \u015fekilde de\u011ferlendirerek, \u015firketin hedeflerini ger\u00e7ekle\u015ftirebilmesi i\u00e7in gerekli insan kayna\u011f\u0131 alt yap\u0131s\u0131n\u0131 haz\u0131rlamak, geli\u015ftirmek, \u00e7a\u011fda\u015f y\u00f6netim teknikleri kullanarak \u00f6\u011frenen, geli\u015fen, yarat\u0131c\u0131 ve katma de\u011fer yaratan, \u00e7evreye, i\u015f sa\u011fl\u0131\u011f\u0131 ve g\u00fcvenli\u011fine duyarl\u0131 bir organizasyon kurmakt\u0131r. [\/vc_column_text][\/vc_column][\/vc_row][vc_row][vc_column][vc_empty_space height=&#8221;120px&#8221;][\/vc_column][\/vc_row][vc_row css=&#8221;.vc_custom_1660693884685{background-color: #eddd5e<\/p>\n","protected":false},"author":1,"featured_media":0,"parent":0,"menu_order":0,"comment_status":"closed","ping_status":"closed","template":"","meta":{"footnotes":""},"class_list":["post-16147","page","type-page","status-publish","hentry"],"_links":{"self":[{"href":"https:\/\/safya.com.tr\/en\/wp-json\/wp\/v2\/pages\/16147","targetHints":{"allow":["GET"]}}],"collection":[{"href":"https:\/\/safya.com.tr\/en\/wp-json\/wp\/v2\/pages"}],"about":[{"href":"https:\/\/safya.com.tr\/en\/wp-json\/wp\/v2\/types\/page"}],"author":[{"embeddable":true,"href":"https:\/\/safya.com.tr\/en\/wp-json\/wp\/v2\/users\/1"}],"replies":[{"embeddable":true,"href":"https:\/\/safya.com.tr\/en\/wp-json\/wp\/v2\/comments?post=16147"}],"version-history":[{"count":0,"href":"https:\/\/safya.com.tr\/en\/wp-json\/wp\/v2\/pages\/16147\/revisions"}],"wp:attachment":[{"href":"https:\/\/safya.com.tr\/en\/wp-json\/wp\/v2\/media?parent=16147"}],"curies":[{"name":"wp","href":"https:\/\/api.w.org\/{rel}","templated":true}]}}