{"id":18436,"date":"2017-10-16T13:54:07","date_gmt":"2017-10-16T13:54:07","guid":{"rendered":"https:\/\/safya.com.tr\/iletisim\/"},"modified":"2022-12-01T23:11:59","modified_gmt":"2022-12-01T23:11:59","slug":"%d8%a7%d9%84%d8%aa%d9%88%d8%a7%d8%b5%d9%84","status":"publish","type":"page","link":"https:\/\/safya.com.tr\/ar\/%d8%a7%d9%84%d8%aa%d9%88%d8%a7%d8%b5%d9%84\/","title":{"rendered":"\u0627\u0644\u062a\u0648\u0627\u0635\u0644"},"content":{"rendered":"<p>[vc_row][vc_column][vc_empty_space height=&#8221;100px&#8221;][\/vc_column][\/vc_row][vc_row][vc_column]<div class=\"agrikole-headings clearfix text-center\"  style=\"\"><h2 class=\"heading clearfix \" style=\"\">\n\t\tAves Enerji Ya\u011f ve G\u0131da San. A.\u015e.\n\t<\/h2><\/div>\n\t<div class=\"agrikole-spacer clearfix\" data-desktop=\"40\" data-mobi=\"30\" data-smobi=\"30\"><\/div>[vc_gmaps link=&#8221;#E-8_JTNDaWZyYW1lJTIwc3JjJTNEJTIyaHR0cHMlM0ElMkYlMkZ3d3cuZ29vZ2xlLmNvbSUyRm1hcHMlMkZlbWJlZCUzRnBiJTNEJTIxMW0xNCUyMTFtOCUyMTFtMyUyMTFkMTI3NjcuNTM4NzY1ODQwOTEzJTIxMmQzNC43NjkwODY3NzYxOTYyOSUyMTNkMzYuODY5MTc4NzcyNzcxNTM0JTIxM20yJTIxMWkxMDI0JTIxMmk3NjglMjE0ZjEzLjElMjEzbTMlMjExbTIlMjExczB4MTUyN2U1ZmViN2JiNTZmYiUyNTNBMHhkYjI0OWY4MzM3Y2E3NDZjJTIxMnNBdmVzJTI1MjBFbmVyamklMjUyMFlhJTI1QzQlMjU5RiUyNTIwdmUlMjUyMEclMjVDNCUyNUIxZGElMjUyMFNhbi4lMjUyMEElMjVDNSUyNTlFJTIxNWUwJTIxM20yJTIxMXN0ciUyMTJzdHIlMjE0djE2NjU3NzczMTcxMjclMjE1bTIlMjExc3RyJTIxMnN0ciUyMiUyMHdpZHRoJTNEJTIyNjAwJTIyJTIwaGVpZ2h0JTNEJTIyNDUwJTIyJTIwc3R5bGUlM0QlMjJib3JkZXIlM0EwJTNCJTIyJTIwYWxsb3dmdWxsc2NyZWVuJTNEJTIyJTIyJTIwbG9hZGluZyUzRCUyMmxhenklMjIlMjByZWZlcnJlcnBvbGljeSUzRCUyMm5vLXJlZmVycmVyLXdoZW4tZG93bmdyYWRlJTIyJTNFJTNDJTJGaWZyYW1lJTNF&#8221;]\n\t<div class=\"agrikole-spacer clearfix\" data-desktop=\"40\" data-mobi=\"30\" data-smobi=\"30\"><\/div>[vc_row_inner rtl_reverse=&#8221;yes&#8221; el_class=&#8221;half-on-991&#8243;][vc_column_inner width=&#8221;1\/4&#8243;]<div class=\"agrikole-content-box clearfix \" data-padding=\"40px 50px 40px\" data-mobipadding=\"40px 50px 40px\" data-margin=\"\" data-mobimargin=\"\" >\n\t\t<div class=\"inner ctb-1838734552 accent\" style=\"\"  data-rounded=\"5px\" data-border-color=\"#f5f0e9\" data-border-width=\"1px\" data-border-style=\"solid\" data-background-hover=\"#eddd5e\" data-rounded-hover=\"5px\" data-border-color-hover=\"#f5f0e9\" data-border-width-hover=\"1px\" data-border-style-hover=\"solid\" data-translatey=\"-5\">\n\t\t\t<div class=\"agrikole-headings clearfix \" data-font=30 style=\"\"><h3 class=\"heading clearfix \" style=\"margin-bottom:17px;font-size:30px;\">\n\t\t\u0627\u0644\u0639\u0646\u0648\u0627\u0646\n\t<\/h3><div class=\"sub-heading clearfix\">\n\t\t<p><span>Toroslar Mh. Gizem Sk. No: 19 <\/span><span>Akdeniz \/ Mersin<\/span><\/p>\n\n\t<\/div><\/div>\n\t\t<\/div>\n\t<\/div>\n\t<div class=\"agrikole-spacer clearfix\" data-desktop=\"0\" data-mobi=\"30\" data-smobi=\"30\"><\/div>[\/vc_column_inner][vc_column_inner width=&#8221;1\/4&#8243;]<div class=\"agrikole-content-box clearfix \" data-padding=\"40px 50px 40px\" data-mobipadding=\"40px 50px 40px\" data-margin=\"\" data-mobimargin=\"\" >\n\t\t<div class=\"inner ctb-1782462276 accent\" style=\"\"  data-rounded=\"5px\" data-border-color=\"#f5f0e9\" data-border-width=\"1px\" data-border-style=\"solid\" data-background-hover=\"#eddd5e\" data-rounded-hover=\"5px\" data-border-color-hover=\"#f5f0e9\" data-border-width-hover=\"1px\" data-border-style-hover=\"solid\" data-translatey=\"-5\">\n\t\t\t<div class=\"agrikole-headings clearfix \" data-font=30 style=\"\"><h3 class=\"heading clearfix \" style=\"margin-bottom:17px;font-size:30px;\">\n\t\t\u0631\u0642\u0645 \u0627\u0644\u0647\u0627\u062a\u0641\n\t<\/h3><div class=\"sub-heading clearfix\">\n\t\t<p style=\"padding-bottom: 30px;\"><span>Tel: <\/span><span dir=\"ltr\">00 69 237 324 90+<\/span><br \/><span>Fax: <\/span><span dir=\"ltr\">55 77 237 324 90+<\/span><\/p>\n\n\t<\/div><\/div>\n\t\t<\/div>\n\t<\/div>\n\t<div class=\"agrikole-spacer clearfix\" data-desktop=\"0\" data-mobi=\"30\" data-smobi=\"30\"><\/div>[\/vc_column_inner][vc_column_inner width=&#8221;1\/4&#8243;]<div class=\"agrikole-content-box clearfix \" data-padding=\"40px 50px 40px\" data-mobipadding=\"40px 50px 40px\" data-margin=\"\" data-mobimargin=\"\" >\n\t\t<div class=\"inner ctb-396286326 accent\" style=\"\"  data-rounded=\"5px\" data-border-color=\"#f5f0e9\" data-border-width=\"1px\" data-border-style=\"solid\" data-background-hover=\"#eddd5e\" data-rounded-hover=\"5px\" data-border-color-hover=\"#f5f0e9\" data-border-width-hover=\"1px\" data-border-style-hover=\"solid\" data-translatey=\"-5\">\n\t\t\t<div class=\"agrikole-headings clearfix \" data-font=30 style=\"\"><h3 class=\"heading clearfix \" style=\"margin-bottom:17px;font-size:30px;\">\n\t\tE-POSTA\n\t<\/h3><div class=\"sub-heading clearfix\">\n\t\t<p><a href=\"mailto:info@avesas.com.tr\"><span>info@avesas.com.tr<\/span><\/a><br \/><a href=\"mailto:export@avesas.com.tr\"><span>export@avesas.com.tr<\/span><\/a><br \/><a href=\"mailto:safyasatis@avesas.com.tr\"><span>safyasatis@avesas.com.tr<\/span><\/a><\/p>\n\n\t<\/div><\/div>\n\t\t<\/div>\n\t<\/div>\n\t<div class=\"agrikole-spacer clearfix\" data-desktop=\"0\" data-mobi=\"30\" data-smobi=\"30\"><\/div>[\/vc_column_inner][vc_column_inner width=&#8221;1\/4&#8243;]<div class=\"agrikole-content-box clearfix \" data-padding=\"40px 20px 40px\" data-mobipadding=\"40px 30px 40px\" data-margin=\"\" data-mobimargin=\"\" >\n\t\t<div class=\"inner ctb-502526687 accent\" style=\"\"  data-rounded=\"5px\" data-border-color=\"#f5f0e9\" data-border-width=\"1px\" data-border-style=\"solid\" data-background-hover=\"#eddd5e\" data-rounded-hover=\"5px\" data-border-color-hover=\"#f5f0e9\" data-border-width-hover=\"1px\" data-border-style-hover=\"solid\" data-translatey=\"-5\">\n\t\t\t<div class=\"agrikole-headings clearfix \" data-font=30 style=\"\"><h3 class=\"heading clearfix \" style=\"margin-bottom:17px;font-size:30px;\">\n\t\tSOSYAL MEDYA\n\t<\/h3><\/div>[vc_raw_html]PGRpdiBjbGFzcz0iaGVhZGVyLXNvY2lhbHMiPgoJCTxkaXYgY2xhc3M9ImhlYWRlci1zb2NpYWxzLWlubmVyIj4KCSAgICA8YSBocmVmPSJodHRwczovL3d3dy5mYWNlYm9vay5jb20vc2FmeWFsZXp6ZXQvIiB0aXRsZT0iRmFjZWJvb2siPjxzcGFuIGNsYXNzPSJmYSBmYS1mYWNlYm9vay1mIiBhcmlhLWhpZGRlbj0idHJ1ZSI+PC9zcGFuPjxzcGFuIGNsYXNzPSJzY3JlZW4tcmVhZGVyLXRleHQiPkZhY2Vib29rIFByb2ZpbGU8L3NwYW4+PC9hPjxhIGhyZWY9Imh0dHBzOi8vdHdpdHRlci5jb20vc2FmeWFsZXp6ZXQvIiB0aXRsZT0iVHdpdHRlciI+PHNwYW4gY2xhc3M9ImZhIGZhLXR3aXR0ZXIiIGFyaWEtaGlkZGVuPSJ0cnVlIj48L3NwYW4+PHNwYW4gY2xhc3M9InNjcmVlbi1yZWFkZXItdGV4dCI+VHdpdHRlciBQcm9maWxlPC9zcGFuPjwvYT48YSBocmVmPSJodHRwczovL3d3dy5pbnN0YWdyYW0uY29tL3NhZnlhbGV6emV0LyIgdGl0bGU9Ikluc3RhZ3JhbSI+PHNwYW4gY2xhc3M9ImZhIGZhLWluc3RhZ3JhbSIgYXJpYS1oaWRkZW49InRydWUiPjwvc3Bhbj48c3BhbiBjbGFzcz0ic2NyZWVuLXJlYWRlci10ZXh0Ij5JbnN0YWdyYW0gUHJvZmlsZTwvc3Bhbj48L2E+PGEgaHJlZj0iaHR0cHM6Ly93d3cucGludGVyZXN0LmNvbS9zYWZ5YWxlenpldC9fY3JlYXRlZC8iIHRpdGxlPSJQaW50ZXJlc3QiPjxzcGFuIGNsYXNzPSJmYSBmYS1waW50ZXJlc3QiIGFyaWEtaGlkZGVuPSJ0cnVlIj48L3NwYW4+PHNwYW4gY2xhc3M9InNjcmVlbi1yZWFkZXItdGV4dCI+UGludGVyZXN0IFByb2ZpbGU8L3NwYW4+PC9hPgkJPC9kaXY+Cgk8L2Rpdj4=[\/vc_raw_html]\n\t\t<\/div>\n\t<\/div>[\/vc_column_inner][\/vc_row_inner]\n\t<div class=\"agrikole-spacer clearfix\" data-desktop=\"50\" data-mobi=\"30\" data-smobi=\"30\"><\/div>[vc_column_text]<\/p>\r\n\r\n<div class=\"wp-block-image-map-pro-image-map-pro\"><div id=\"image-map-pro-4299\"><\/div><\/div>\r\n<p>[\/vc_column_text][\/vc_column][\/vc_row][vc_row rtl_reverse=&#8221;yes&#8221;][vc_column][vc_row_inner][vc_column_inner width=&#8221;1\/2&#8243; halfbg=&#8221;color&#8221; halfbg_color=&#8221;#eddd5e&#8221; halfbg_rounded=&#8221;0px 5px 0px 0px&#8221;]\n\t<div class=\"agrikole-spacer clearfix\" data-desktop=\"112\" data-mobi=\"60\" data-smobi=\"60\"><\/div><div class=\"agrikole-headings clearfix \" data-font=40 data-mfont=30 style=\"\"><h2 class=\"heading clearfix \" style=\"color:#3d3c42;line-height:50px;font-size:40px;\">\n\t\t\u0623\u0639\u0644\u0649 \u0627\u0644\u0646\u0645\u0648\u0630\u062c\n\t<\/h2><div class=\"sep clearfix\" style=\"margin:5px 0 0;\">\n\t\t\t\t<img decoding=\"async\" alt=\"image\" src=\"https:\/\/safya.com.tr\/wp-content\/uploads\/2020\/01\/separator.png\">\n\t\t\t<\/div><\/div>\n\t<div class=\"agrikole-spacer clearfix\" data-desktop=\"56\" data-mobi=\"40\" data-smobi=\"40\"><\/div><div class=\"agrikole-content-box clearfix \" data-padding=\"0px 105px 0px 0px\" data-mobipadding=\"0px 0px 0px 0px\" data-margin=\"\" data-mobimargin=\"\" >\n\t\t<div class=\"inner ctb-1327965430\" style=\"\"  data-background=\"\" data-border-style=\"solid\" data-border-style-hover=\"solid\">\n\t\t\t<div class=\"agrikole-cf7  bg-white btn-accent\">\n<div class=\"wpcf7 no-js\" id=\"wpcf7-f4437-o1\" lang=\"tr-TR\" dir=\"ltr\">\n<div class=\"screen-reader-response\"><p role=\"status\" aria-live=\"polite\" aria-atomic=\"true\"><\/p> <ul><\/ul><\/div>\n<form action=\"\/ar\/wp-json\/wp\/v2\/pages\/18436#wpcf7-f4437-o1\" method=\"post\" class=\"wpcf7-form init\" aria-label=\"Contact form\" novalidate=\"novalidate\" data-status=\"init\">\n<div style=\"display: none;\">\n<input type=\"hidden\" name=\"_wpcf7\" value=\"4437\" \/>\n<input type=\"hidden\" name=\"_wpcf7_version\" value=\"5.7.3\" \/>\n<input type=\"hidden\" name=\"_wpcf7_locale\" value=\"tr_TR\" \/>\n<input type=\"hidden\" name=\"_wpcf7_unit_tag\" value=\"wpcf7-f4437-o1\" \/>\n<input type=\"hidden\" name=\"_wpcf7_container_post\" value=\"0\" \/>\n<input type=\"hidden\" name=\"_wpcf7_posted_data_hash\" value=\"\" \/>\n<\/div>\n<div class=\"input-wrap clearfix\">\n\t<div class=\"name-wrap\">\n\t\t<p><span class=\"wpcf7-form-control-wrap\" data-name=\"your-name\"><input size=\"40\" class=\"wpcf7-form-control wpcf7-text wpcf7-validates-as-required\" aria-required=\"true\" aria-invalid=\"false\" placeholder=\"Ad Soyad\" value=\"\" type=\"text\" name=\"your-name\" \/><\/span>\n\t\t<\/p>\n\t<\/div>\n\t<div class=\"email-wrap\">\n\t\t<p><span class=\"wpcf7-form-control-wrap\" data-name=\"your-email\"><input size=\"40\" class=\"wpcf7-form-control wpcf7-text wpcf7-email wpcf7-validates-as-required wpcf7-validates-as-email\" aria-required=\"true\" aria-invalid=\"false\" placeholder=\"Email\" value=\"\" type=\"email\" name=\"your-email\" \/><\/span>\n\t\t<\/p>\n\t<\/div>\n<\/div>\n<div class=\"input-wrap clearfix\">\n\t<div class=\"phone-wrap\">\n\t\t<p><span class=\"wpcf7-form-control-wrap\" data-name=\"your-phone\"><input size=\"40\" class=\"wpcf7-form-control wpcf7-text wpcf7-validates-as-required\" aria-required=\"true\" aria-invalid=\"false\" placeholder=\"Telefon\" value=\"\" type=\"text\" name=\"your-phone\" \/><\/span>\n\t\t<\/p>\n\t<\/div>\n\t<div class=\"subject-wrap\">\n\t\t<p><span class=\"wpcf7-form-control-wrap\" data-name=\"your-subject\"><input size=\"40\" class=\"wpcf7-form-control wpcf7-text wpcf7-validates-as-required\" aria-required=\"true\" aria-invalid=\"false\" placeholder=\"Konu\" value=\"\" type=\"text\" name=\"your-subject\" \/><\/span>\n\t\t<\/p>\n\t<\/div>\n<\/div>\n<div class=\"message-wrap\">\n\t<p><span class=\"wpcf7-form-control-wrap\" data-name=\"your-message\"><textarea cols=\"40\" rows=\"10\" class=\"wpcf7-form-control wpcf7-textarea\" aria-invalid=\"false\" placeholder=\"Mesaj\u0131n\u0131z\" name=\"your-message\"><\/textarea><\/span>\n\t<\/p>\n<\/div>\n<div class=\"submit-wrap\">\n\t<p><span><input class=\"wpcf7-form-control has-spinner wpcf7-submit\" type=\"submit\" value=\"G\u00f6nder\" \/><\/span>\n\t<\/p>\n<\/div><div class=\"wpcf7-response-output\" aria-hidden=\"true\"><\/div>\n<\/form>\n<\/div>\n<\/div>\n\t\t<\/div>\n\t<\/div>\n\t<div class=\"agrikole-spacer clearfix\" data-desktop=\"120\" data-mobi=\"40\" data-smobi=\"40\"><\/div>[\/vc_column_inner][vc_column_inner width=&#8221;1\/2&#8243;]<div class=\"agrikole-content-box clearfix  display-flex justify-content-center\" data-padding=\"0px 40px 100px 40px\" data-mobipadding=\"40px 10px 40px 10px\" data-margin=\"\" data-mobimargin=\"\" >\n\t\t<div class=\"inner ctb-740990264\" style=\"\"  data-background=\"\" data-border-style=\"solid\" data-border-style-hover=\"solid\">\n\t\t\t<div class=\"agrikole-simple-image simple \" style=\" max-width:360px;border-radius:5px;overflow:hidden;text-align:center; margin:0 auto;\">\n\t\t\t\t<img decoding=\"async\" alt=\"image\" src=\"https:\/\/safya.com.tr\/wp-content\/uploads\/2022\/05\/young-pretty-expert-agronomist-sunflower-field-checking-crops-quality_342744-580-1.jpeg\" \/> \n\t\t\t<\/div>\n\t<div class=\"agrikole-spacer clearfix\" data-desktop=\"40\" data-mobi=\"35\" data-smobi=\"35\"><\/div><div class=\"agrikole-headings clearfix text-center\" data-font=40 data-mfont=30 style=\"\"><div class=\"pre-heading clearfix\" style=\"font-weight:600;color:#3d3c42;font-size:14px;letter-spacing:3px;\">\n\t\t\u062e\u0637 \u0627\u0633\u062a\u0639\u0644\u0627\u0645 \u0627\u0644\u0645\u0633\u062a\u0647\u0644\u0643\n\t<\/div><h2 class=\"heading clearfix \" style=\"color:#3d3c42;line-height:50px;font-size:40px;\">\n\t\t+90 850 750 07 23\n\t<\/h2><div class=\"sep clearfix\" style=\"margin:5px 0 0;\">\n\t\t\t\t<img decoding=\"async\" alt=\"image\" src=\"https:\/\/safya.com.tr\/wp-content\/uploads\/2020\/01\/separator.png\">\n\t\t\t<\/div><\/div>\n\t<div class=\"agrikole-spacer clearfix\" data-desktop=\"35\" data-mobi=\"35\" data-smobi=\"35\"><\/div>[vc_column_text]<\/p>\r\n<div style=\"text-align: center; max-width: 370px; margin: 0 auto;\">\r\n<p>\u064a\u0645\u0643\u0646\u0643\u0645 \u0625\u0631\u0633\u0627\u0644 \u0623\u0633\u0626\u0644\u062a\u0643\u0645 \u0625\u0644\u064a\u0646\u0627 \u0639\u0628\u0631 \u0645\u0644\u0621 \u0627\u0644\u0646\u0645\u0648\u0630\u062c. \u0648 \u0633\u064a\u062a\u0645 \u0627\u0644\u0631\u062f \u0639\u0644\u064a\u0643\u0645 \u0641\u064a \u0623\u0642\u0631\u0628 \u0641\u0631\u0635\u0629 \u0645\u0645\u0643\u0646\u0629. \u0627\u0644\u062d\u0642\u0648\u0644 \u0627\u0644\u0645\u0634\u0627\u0631 \u0625\u0644\u064a\u0647\u0627 \u064a\u062a\u062d\u062a\u0651\u0645 \u0645\u0644\u0624\u0647\u0627.<\/p>\r\n<form class=\"app-form app-step row js-user-request-form active newDemandForm-tag\" id=\"contactForm\">\r\n<div class=\"col-12 app-step-info\">\u064a\u0645\u0643\u0646\u0643\u0645 \u0623\u0646 \u062a\u0631\u0627\u0633\u0644\u0648\u0646\u0627 \u0645\u0646 \u0623\u062c\u0644 \u0623\u064a \u0623\u0633\u0626\u0644\u0629 \u0648\u0622\u0631\u0627\u0621 \u0648\u0627\u0642\u062a\u0631\u0627\u062d\u0627\u062a \u062d\u0648\u0644 \u0645\u0646\u062a\u062c\u0627\u062a \u0635\u0627\u0641\u064a\u0629.<\/div>\r\n<\/form><\/div>\r\n<p>[\/vc_column_text]\n\t\t<\/div>\n\t<\/div>[\/vc_column_inner][\/vc_row_inner][\/vc_column][\/vc_row]<\/p>","protected":false},"excerpt":{"rendered":"<p>[vc_row][vc_column][vc_empty_space height=&#8221;100px&#8221;][\/vc_column][\/vc_row][vc_row][vc_column][vc_gmaps link=&#8221;#E-8_JTNDaWZyYW1lJTIwc3JjJTNEJTIyaHR0cHMlM0ElMkYlMkZ3d3cuZ29vZ2xlLmNvbSUyRm1hcHMlMkZlbWJlZCUzRnBiJTNEJTIxMW0xNCUyMTFtOCUyMTFtMyUyMTFkMTI3NjcuNTM4NzY1ODQwOTEzJTIxMmQzNC43NjkwODY3NzYxOTYyOSUyMTNkMzYuODY5MTc4NzcyNzcxNTM0JTIxM20yJTIxMWkxMDI0JTIxMmk3NjglMjE0ZjEzLjElMjEzbTMlMjExbTIlMjExczB4MTUyN2U1ZmViN2JiNTZmYiUyNTNBMHhkYjI0OWY4MzM3Y2E3NDZjJTIxMnNBdmVzJTI1MjBFbmVyamklMjUyMFlhJTI1QzQlMjU5RiUyNTIwdmUlMjUyMEclMjVDNCUyNUIxZGElMjUyMFNhbi4lMjUyMEElMjVDNSUyNTlFJTIxNWUwJTIxM20yJTIxMXN0ciUyMTJzdHIlMjE0djE2NjU3NzczMTcxMjclMjE1bTIlMjExc3RyJTIxMnN0ciUyMiUyMHdpZHRoJTNEJTIyNjAwJTIyJTIwaGVpZ2h0JTNEJTIyNDUwJTIyJTIwc3R5bGUlM0QlMjJib3JkZXIlM0EwJTNCJTIyJTIwYWxsb3dmdWxsc2NyZWVuJTNEJTIyJTIyJTIwbG9hZGluZyUzRCUyMmxhenklMjIlMjByZWZlcnJlcnBvbGljeSUzRCUyMm5vLXJlZmVycmVyLXdoZW4tZG93bmdyYWRlJTIyJTNFJTNDJTJGaWZyYW1lJTNF&#8221;][vc_row_inner rtl_reverse=&#8221;yes&#8221; el_class=&#8221;half-on-991&#8243;][vc_column_inner width=&#8221;1\/4&#8243;][\/vc_column_inner][vc_column_inner width=&#8221;1\/4&#8243;][\/vc_column_inner][vc_column_inner width=&#8221;1\/4&#8243;][\/vc_column_inner][vc_column_inner width=&#8221;1\/4&#8243;][\/vc_column_inner][\/vc_row_inner][vc_column_text] [\/vc_column_text][\/vc_column][\/vc_row][vc_row rtl_reverse=&#8221;yes&#8221;][vc_column][vc_row_inner][vc_column_inner width=&#8221;1\/2&#8243; halfbg=&#8221;color&#8221; halfbg_color=&#8221;#eddd5e&#8221; halfbg_rounded=&#8221;0px 5px 0px 0px&#8221;][\/vc_column_inner][vc_column_inner width=&#8221;1\/2&#8243;][\/vc_column_inner][\/vc_row_inner][\/vc_column][\/vc_row]<\/p>\n","protected":false},"author":1,"featured_media":0,"parent":0,"menu_order":0,"comment_status":"closed","ping_status":"closed","template":"","meta":{"footnotes":""},"class_list":["post-18436","page","type-page","status-publish","hentry"],"_links":{"self":[{"href":"https:\/\/safya.com.tr\/ar\/wp-json\/wp\/v2\/pages\/18436","targetHints":{"allow":["GET"]}}],"collection":[{"href":"https:\/\/safya.com.tr\/ar\/wp-json\/wp\/v2\/pages"}],"about":[{"href":"https:\/\/safya.com.tr\/ar\/wp-json\/wp\/v2\/types\/page"}],"author":[{"embeddable":true,"href":"https:\/\/safya.com.tr\/ar\/wp-json\/wp\/v2\/users\/1"}],"replies":[{"embeddable":true,"href":"https:\/\/safya.com.tr\/ar\/wp-json\/wp\/v2\/comments?post=18436"}],"version-history":[{"count":6,"href":"https:\/\/safya.com.tr\/ar\/wp-json\/wp\/v2\/pages\/18436\/revisions"}],"predecessor-version":[{"id":18464,"href":"https:\/\/safya.com.tr\/ar\/wp-json\/wp\/v2\/pages\/18436\/revisions\/18464"}],"wp:attachment":[{"href":"https:\/\/safya.com.tr\/ar\/wp-json\/wp\/v2\/media?parent=18436"}],"curies":[{"name":"wp","href":"https:\/\/api.w.org\/{rel}","templated":true}]}}