{"id":18420,"date":"2022-08-01T23:23:34","date_gmt":"2022-08-01T23:23:34","guid":{"rendered":"https:\/\/safya.com.tr\/sertifikalar\/"},"modified":"2022-12-12T22:42:36","modified_gmt":"2022-12-12T22:42:36","slug":"%d8%a7%d9%84%d8%b4%d9%87%d8%a7%d8%af%d8%a7%d8%aa","status":"publish","type":"page","link":"https:\/\/safya.com.tr\/ar\/%d8%a7%d9%84%d8%b4%d9%87%d8%a7%d8%af%d8%a7%d8%aa\/","title":{"rendered":"\u0627\u0644\u0634\u0647\u0627\u062f\u0627\u062a"},"content":{"rendered":"<p>[vc_row][vc_column][vc_empty_space height=&#8221;50px&#8221;][\/vc_column][\/vc_row][vc_row][vc_column width=&#8221;1\/2&#8243;][vc_empty_space height=&#8221;10px&#8221;][vc_column_text]<\/p>\n<p style=\"text-align: justify;\"><span style=\"line-height: 2em;\">\u062a\u062a\u0645\u062b\u0644 \u0635\u0627\u0641\u064a\u0629 \u0645\u0646 \u062d\u064a\u062b \u0625\u0646\u062a\u0627\u062c \u0627\u0644\u0632\u064a\u062a \u0643\u0623\u0643\u0628\u0631 \u0645\u0635\u0646\u0639 \u0645\u062a\u0643\u0627\u0645\u0644 \u0644\u0644\u0632\u064a\u062a \u0627\u0644\u0646\u0628\u0627\u062a\u064a \u0641\u064a \u062a\u0631\u0643\u064a\u0627\u060c \u064a\u0642\u0639 \u0641\u064a \u0645\u0631\u0633\u064a\u0646\u060c \u062f\u0627\u062e\u0644 \u0645\u0642\u0631 \u0634\u0631\u0643\u0629 Aves. \u0632\u064a\u062a \u0632\u0647\u0631\u0629 \u062f\u0648\u0627\u0631 \u0627\u0644\u0634\u0645\u0633 \u0635\u0627\u0641\u064a\u0629\u060c \u0648\u0627\u0644\u0630\u064a \u064a\u062a\u0645 \u0625\u0646\u062a\u0627\u062c\u0647 \u0628\u0627\u0644\u0643\u0627\u0645\u0644 \u062f\u0648\u0646 \u0623\u0646 \u062a\u0645\u0633\u0647 \u064a\u062f \u0627\u0644\u0625\u0646\u0633\u0627\u0646 \u060c \u0645\u0646 \u0627\u0644\u062d\u0642\u0648\u0644 \u0625\u0644\u0649 \u0627\u0644\u0645\u0627\u0626\u062f\u0629 \u060c \u064a\u0639\u0643\u0633 \u0645\u0628\u062f\u0623 &#8220;\u0646\u0641\u0633 \u0627\u0644\u062c\u0648\u062f\u0629 \u0641\u064a \u0627\u0644\u0632\u062c\u0627\u062c\u0629 \u0627\u0644\u0623\u0648\u0644\u0649 \u0648\u062d\u062a\u0649 \u0627\u0644\u0645\u0644\u064a\u0648\u0646&#8221; \u0628\u062c\u0648\u062f\u062a\u0647 \u0648\u062a\u0635\u0645\u064a\u0645 \u0627\u0644\u0632\u062c\u0627\u062c\u0629. \u0635\u0627\u0641\u064a\u0629\u060c \u0627\u0644\u062a\u064a \u064a\u062a\u0645 \u0625\u0646\u062a\u0627\u062c\u0647\u0627 \u0641\u064a \u0628\u0634\u0643\u0644 \u0645\u062a\u0643\u0627\u0645\u0644 \u062a\u0645\u0627\u0645\u0627\u064b \u0645\u0639 \u0623\u062d\u062f\u062b \u0627\u0644\u062a\u0642\u0646\u064a\u0627\u062a \u062f\u0627\u062e\u0644 \u0634\u0631\u0643\u0629 Aves\u060c \u0648\u0627\u0644\u062a\u064a \u0644\u0647\u0627 \u062d\u0635\u0629 \u0643\u0628\u064a\u0631\u0629 \u0641\u064a \u0625\u0645\u062f\u0627\u062f\u0627\u062a \u0627\u0644\u0632\u064a\u0648\u062a \u0627\u0644\u062a\u0631\u0643\u064a\u0629\u060c \u0647\u064a \u0623\u064a\u0636\u0627\u064b \u0648\u0627\u062d\u062f\u0629 \u0645\u0646 \u0623\u0643\u0628\u0631 \u0645\u0646\u062a\u062c\u064a \u0627\u0644\u0642\u0637\u0627\u0639 \u0641\u064a \u0627\u0644\u0635\u0627\u062f\u0631\u0627\u062a.<\/span><\/p>\n<p style=\"text-align: justify;\"><span style=\"line-height: 2em;\">\u062a\u062a\u0628\u0639 \u0635\u0627\u0641\u064a\u0629 \u0648\u062a\u0637\u0628\u0642 \u0645\u0639\u0627\u064a\u064a\u0631 \u062c\u0648\u062f\u0629 \u0627\u0644\u063a\u0630\u0627\u0621 \u0627\u0644\u0648\u0637\u0646\u064a\u0629 \u0648\u0627\u0644\u062f\u0648\u0644\u064a\u0629 \u0645\u0646 \u062e\u0644\u0627\u0644 \u0633\u0644\u0633\u0644\u0629 \u0627\u0644\u062a\u0639\u0628\u0626\u0629 \u0648\u0627\u0644\u062a\u063a\u0644\u064a\u0641 \u0627\u0644\u062a\u064a \u062a\u0634\u064a\u0631 \u0625\u0644\u0649 \u0627\u0644\u0646\u0642\u0627\u0621 \u0648\u0627\u0644\u0646\u0638\u0627\u0641\u0629 \u060c \u0648\u062a\u0635\u0645\u064a\u0645\u0647\u0627 \u0648\u0634\u0639\u0627\u0631\u0647\u0627 \u0633\u0647\u0644 \u0627\u0644\u0627\u0633\u062a\u062e\u062f\u0627\u0645 \u0627\u0644\u0630\u064a \u064a\u0644\u0627\u0645\u0633 \u0646\u0642\u0627\u0621 \u0627\u0644\u0632\u064a\u062a \u0648\u062e\u0641\u0629 \u0648\u0632\u0646\u0647.<\/span><\/p>\n<p>[\/vc_column_text][\/vc_column][vc_column width=&#8221;1\/2&#8243;]<div class=\"agrikole-headings clearfix text-center\" data-font=40 data-mfont=30 style=\"\"><h2 class=\"heading clearfix \" style=\"color:#3d3c42;line-height:50px;font-size:40px;\">\n\t\t\u0623\u0643\u0628\u0631 \u0642\u062f\u0631\u0629 \u0639\u0635\u0631 \u0641\u064a \u062a\u0631\u0643\u064a\u0627 \u0645\u062a\u0643\u0627\u0645\u0644 \u062a\u0645\u0627\u0645\u0627\u064b\u060c \u0643\u0645\u0635\u0646\u0639 \u0632\u064a\u062a \u0646\u0628\u0627\u062a\u064a\n\t<\/h2><div class=\"sep clearfix\" style=\"margin:5px 0 0;\">\n\t\t\t\t<img decoding=\"async\" alt=\"image\" src=\"https:\/\/safya.com.tr\/wp-content\/uploads\/2020\/01\/separator.png\">\n\t\t\t<\/div><\/div>[\/vc_column][\/vc_row][vc_row][vc_column][vc_empty_space height=&#8221;100px&#8221;][\/vc_column][\/vc_row][vc_row el_class=&#8221;certificates-list&#8221;][vc_column width=&#8221;1\/2&#8243;]<div class=\"agrikole-simple-image simple \" style=\" max-width:600px;text-align:center; margin:0 auto;\">\n\t\t\t\t<img decoding=\"async\" alt=\"image\" src=\"https:\/\/safya.com.tr\/wp-content\/uploads\/2022\/12\/Safya-Dessert.jpg\" \/> \n\t\t\t<\/div>[\/vc_column][vc_column width=&#8221;1\/2&#8243;]<div class=\"agrikole-icon-box clearfix icon-right align-left hover-style-2 link-hover-accent simple wow fadeInUp\" style=\"\"  data-wow-duration=\"0.75s\" data-wow-delay=\"0.3s\"><div class=\"hover\" style=\"\"><\/div><div class=\"wrap-inner\" style=\"position: relative;\"><div class=\"agrikole-icon icon-1581086944 icon-font accent custom\"  data-background=\"\">\n\t\t\t<span class=\"icon\" style=\"font-size:30px;width:60px;height:60px;border-style:solid;\"><i class=\"vc-oi vc-oi-ok-circle\"><\/i><\/span>\n\t\t<\/div> <div class=\"content-wrap\"><h3 class=\"heading \" style=\"padding-right:85px;font-size:16px;font-family:Roboto;\">\n\t\t\t<a href=\"http:\/\/safya.com.tr\/wp-content\/uploads\/2022\/08\/AVES-GIMDES-HELAL-VE-TAYYIB-SERTIFIKASI.jpg\">\n\t\t\t\t<span>\u0634\u0647\u0627\u062f\u0629 AVES G\u0130MDES \u0627\u0644\u062d\u0644\u0627\u0644 \u0648\u0627\u0644\u0637\u064a\u0628<\/span>\n\t\t\t<\/a>\n\t\t<\/h3><div class=\"desc\" style=\"padding-right:85px;\"><p><span>\u0634\u0647\u0627\u062f\u0629 \u0627\u0644\u062d\u0644\u0627\u0644 \u0648 \u0627\u0644\u0637\u064a\u0628 \u0635\u0627\u062f\u0631\u0629 \u0639\u0646 G\u0130MDES<\/span><\/p>\n<\/div><\/div><\/div><\/div>[vc_empty_space]<div class=\"agrikole-icon-box clearfix icon-right align-left hover-style-2 link-hover-accent simple wow fadeInUp\" style=\"\"  data-wow-duration=\"0.75s\" data-wow-delay=\"0.3s\"><div class=\"hover\" style=\"\"><\/div><div class=\"wrap-inner\" style=\"position: relative;\"><div class=\"agrikole-icon icon-868443112 icon-font accent custom\"  data-background=\"\">\n\t\t\t<span class=\"icon\" style=\"font-size:30px;width:60px;height:60px;border-style:solid;\"><i class=\"vc-oi vc-oi-ok-circle\"><\/i><\/span>\n\t\t<\/div> <div class=\"content-wrap\"><h3 class=\"heading \" style=\"padding-right:85px;color:#3d3c42;font-size:16px;font-family:Roboto;\">\n\t\t\t<a href=\"http:\/\/safya.com.tr\/wp-content\/uploads\/2022\/08\/AVES-HELAL-22-2013-URUN-BELGESI.pdf\">\n\t\t\t\t<span>AVES HELAL 22-2013 \u00dcR\u00dcN BELGES\u0130<\/span>\n\t\t\t<\/a>\n\t\t<\/h3><div class=\"desc\" style=\"padding-right:85px;\"><p><span>\u0634\u0647\u0627\u062f\u0629 \u0627\u0644\u062d\u0644\u0627\u0644 \u0645\u0646 Bureau Veritas<\/span><\/p>\n<\/div><\/div><\/div><\/div>[vc_empty_space]<div class=\"agrikole-icon-box clearfix icon-right align-left hover-style-2 link-hover-accent simple wow fadeInUp\" style=\"\"  data-wow-duration=\"0.75s\" data-wow-delay=\"0.3s\"><div class=\"hover\" style=\"\"><\/div><div class=\"wrap-inner\" style=\"position: relative;\"><div class=\"agrikole-icon icon-164951791 icon-font accent custom\"  data-background=\"\">\n\t\t\t<span class=\"icon\" style=\"font-size:30px;width:60px;height:60px;border-style:solid;\"><i class=\"vc-oi vc-oi-ok-circle\"><\/i><\/span>\n\t\t<\/div> <div class=\"content-wrap\"><h3 class=\"heading \" style=\"padding-right:85px;color:#3d3c42;font-size:16px;font-family:Roboto;\">\n\t\t\t<a href=\"http:\/\/safya.com.tr\/wp-content\/uploads\/2022\/08\/AVES-ISO-27001-BILGI-GUVENLIGI-YONETIM-SISTEMI-SERTIFIKASI-EN-VERICERT.pdf\">\n\t\t\t\t<span>\u0634\u0647\u0627\u062f\u0629 \u0646\u0638\u0627\u0645 \u0625\u062f\u0627\u0631\u0629 \u0623\u0645\u0646 \u0627\u0644\u0645\u0639\u0644\u0648\u0645\u0627\u062a ISO 27001<\/span>\n\t\t\t<\/a>\n\t\t<\/h3><div class=\"desc\" style=\"padding-right:85px;\"><p>&nbsp;<\/p>\n<\/div><\/div><\/div><\/div>[vc_empty_space height=&#8221;28px&#8221;]<div class=\"agrikole-icon-box clearfix icon-right align-left hover-style-2 link-hover-accent simple wow fadeInUp\" style=\"\"  data-wow-duration=\"0.75s\" data-wow-delay=\"0.3s\"><div class=\"hover\" style=\"\"><\/div><div class=\"wrap-inner\" style=\"position: relative;\"><div class=\"agrikole-icon icon-50281490 icon-font accent custom\"  data-background=\"\">\n\t\t\t<span class=\"icon\" style=\"font-size:30px;width:60px;height:60px;border-style:solid;\"><i class=\"vc-oi vc-oi-ok-circle\"><\/i><\/span>\n\t\t<\/div> <div class=\"content-wrap\"><h3 class=\"heading \" style=\"padding-right:85px;color:#3d3c42;font-size:16px;font-family:Roboto;\">\n\t\t\t<a href=\"http:\/\/safya.com.tr\/wp-content\/uploads\/2022\/08\/AVES-KOSHER-ORTODOX-UNION.pdf\">\n\t\t\t\t<span>\u0634\u0647\u0627\u062f\u0629 KOSHER<\/span>\n\t\t\t<\/a>\n\t\t<\/h3><div class=\"desc\" style=\"padding-right:85px;\"><p>&nbsp;<\/p>\n<\/div><\/div><\/div><\/div>[vc_empty_space height=&#8221;28px&#8221;]<div class=\"agrikole-icon-box clearfix icon-right align-left hover-style-2 link-hover-accent simple wow fadeInUp\" style=\"\"  data-wow-duration=\"0.75s\" data-wow-delay=\"0.3s\"><div class=\"hover\" style=\"\"><\/div><div class=\"wrap-inner\" style=\"position: relative;\"><div class=\"agrikole-icon icon-526563463 icon-font accent custom\"  data-background=\"\">\n\t\t\t<span class=\"icon\" style=\"font-size:30px;width:60px;height:60px;border-style:solid;\"><i class=\"vc-oi vc-oi-ok-circle\"><\/i><\/span>\n\t\t<\/div> <div class=\"content-wrap\"><h3 class=\"heading \" style=\"padding-right:85px;color:#3d3c42;font-size:16px;font-family:Roboto;\">\n\t\t\t<a href=\"http:\/\/safya.com.tr\/wp-content\/uploads\/2022\/08\/FSSC-FOOD-SAFETY-SYSTEM-CERTIFICATE-TSE.pdf\">\n\t\t\t\t<span>\u0634\u0647\u0627\u062f\u0629 \u0646\u0638\u0627\u0645 \u0633\u0644\u0627\u0645\u0629 \u0627\u0644\u0623\u063a\u0630\u064a\u0629 FSSC \u0648 \u0634\u0647\u0627\u062f\u0629 TSE<\/span>\n\t\t\t<\/a>\n\t\t<\/h3><div class=\"desc\" style=\"padding-right:85px;\"><p>&nbsp;<\/p>\n<\/div><\/div><\/div><\/div>[vc_empty_space height=&#8221;28px&#8221;]<div class=\"agrikole-icon-box clearfix icon-right align-left hover-style-2 link-hover-accent simple wow fadeInUp\" style=\"\"  data-wow-duration=\"0.75s\" data-wow-delay=\"0.3s\"><div class=\"hover\" style=\"\"><\/div><div class=\"wrap-inner\" style=\"position: relative;\"><div class=\"agrikole-icon icon-420204311 icon-font accent custom\"  data-background=\"\">\n\t\t\t<span class=\"icon\" style=\"font-size:30px;width:60px;height:60px;border-style:solid;\"><i class=\"vc-oi vc-oi-ok-circle\"><\/i><\/span>\n\t\t<\/div> <div class=\"content-wrap\"><h3 class=\"heading \" style=\"padding-right:85px;color:#3d3c42;font-size:16px;font-family:Roboto;\">\n\t\t\t<a href=\"http:\/\/safya.com.tr\/wp-content\/uploads\/2022\/08\/POL.002-BILGI-GUVENLIGI-POLITIKAMIZ.pdf\">\n\t\t\t\t<span>\u0633\u064a\u0627\u0633\u0629 \u0623\u0645\u0646 \u0627\u0644\u0645\u0639\u0644\u0648\u0645\u0627\u062a \u0627\u0644\u062e\u0627\u0635\u0629 \u0628\u0646\u0627<\/span>\n\t\t\t<\/a>\n\t\t<\/h3><div class=\"desc\" style=\"padding-right:85px;\"><p>&nbsp;<\/p>\n<\/div><\/div><\/div><\/div>[vc_empty_space height=&#8221;28px&#8221;]<div class=\"agrikole-icon-box clearfix icon-right align-left hover-style-2 link-hover-accent simple wow fadeInUp\" style=\"\"  data-wow-duration=\"0.75s\" data-wow-delay=\"0.3s\"><div class=\"hover\" style=\"\"><\/div><div class=\"wrap-inner\" style=\"position: relative;\"><div class=\"agrikole-icon icon-14579159 icon-font accent custom\"  data-background=\"\">\n\t\t\t<span class=\"icon\" style=\"font-size:30px;width:60px;height:60px;border-style:solid;\"><i class=\"vc-oi vc-oi-ok-circle\"><\/i><\/span>\n\t\t<\/div> <div class=\"content-wrap\"><h3 class=\"heading \" style=\"padding-right:85px;color:#3d3c42;font-size:16px;font-family:Roboto;\">\n\t\t\t<a href=\"http:\/\/safya.com.tr\/wp-content\/uploads\/2022\/08\/TS-886-2023-YEMEKLIK-AYCICEK-YAGI-URUN-BELGESI.pdf\">\n\t\t\t\t<span>\u0634\u0647\u0627\u062f\u0629 \u0645\u0646\u062a\u062c \u0632\u064a\u062a \u0639\u0628\u0627\u062f \u0627\u0644\u0634\u0645\u0633 \u0627\u0644\u0642\u0627\u0628\u0644 \u0644\u0644\u062a\u062d\u0631\u064a\u0631<\/span>\n\t\t\t<\/a>\n\t\t<\/h3><div class=\"desc\" style=\"padding-right:85px;\"><p>&nbsp;<\/p>\n<\/div><\/div><\/div><\/div>[vc_empty_space height=&#8221;28px&#8221;]<div class=\"agrikole-icon-box clearfix icon-right align-left hover-style-2 link-hover-accent simple wow fadeInUp\" style=\"\"  data-wow-duration=\"0.75s\" data-wow-delay=\"0.3s\"><div class=\"hover\" style=\"\"><\/div><div class=\"wrap-inner\" style=\"position: relative;\"><div class=\"agrikole-icon icon-405686097 icon-font accent custom\"  data-background=\"\">\n\t\t\t<span class=\"icon\" style=\"font-size:30px;width:60px;height:60px;border-style:solid;\"><i class=\"vc-oi vc-oi-ok-circle\"><\/i><\/span>\n\t\t<\/div> <div class=\"content-wrap\"><h3 class=\"heading \" style=\"padding-right:85px;color:#3d3c42;font-size:16px;font-family:Roboto;\">\n\t\t\t<a href=\"http:\/\/safya.com.tr\/wp-content\/uploads\/2022\/08\/U.S.-FDA.pdf\">\n\t\t\t\t<span>\u0648\u062b\u064a\u0642\u0629 \u0625\u062f\u0627\u0631\u0629 \u0627\u0644\u063a\u0630\u0627\u0621 \u0648\u0627\u0644\u062f\u0648\u0627\u0621 \u0627\u0644\u0623\u0645\u0631\u064a\u0643\u064a\u0629<\/span>\n\t\t\t<\/a>\n\t\t<\/h3><div class=\"desc\" style=\"padding-right:85px;\"><p>&nbsp;<\/p>\n<\/div><\/div><\/div><\/div>[vc_empty_space height=&#8221;28px&#8221;]<div class=\"agrikole-icon-box clearfix icon-right align-left hover-style-2 link-hover-accent simple wow fadeInUp\" style=\"\"  data-wow-duration=\"0.75s\" data-wow-delay=\"0.3s\"><div class=\"hover\" style=\"\"><\/div><div class=\"wrap-inner\" style=\"position: relative;\"><div class=\"agrikole-icon icon-475056225 icon-font accent custom\"  data-background=\"\">\n\t\t\t<span class=\"icon\" style=\"font-size:30px;width:60px;height:60px;border-style:solid;\"><i class=\"vc-oi vc-oi-ok-circle\"><\/i><\/span>\n\t\t<\/div> <div class=\"content-wrap\"><h3 class=\"heading \" style=\"padding-right:85px;color:#3d3c42;font-size:16px;font-family:Roboto;\">\n\t\t\t<a href=\"http:\/\/safya.com.tr\/wp-content\/uploads\/2022\/08\/AVES-ISO-9001-2015-TSE-Kalite-Yonetim-Sistemleri.pdf\">\n\t\t\t\t<span>\u0634\u0647\u0627\u062f\u0629 ISO 9001 2015 TSE \u0644\u0623\u0646\u0638\u0645\u0629 \u0625\u062f\u0627\u0631\u0629 \u0627\u0644\u062c\u0648\u062f\u0629<\/span>\n\t\t\t<\/a>\n\t\t<\/h3><div class=\"desc\" style=\"padding-right:85px;\"><p>&nbsp;<\/p>\n<\/div><\/div><\/div><\/div>[vc_empty_space height=&#8221;28px&#8221;]<div class=\"agrikole-icon-box clearfix icon-right align-left hover-style-2 link-hover-accent simple wow fadeInUp\" style=\"\"  data-wow-duration=\"0.75s\" data-wow-delay=\"0.3s\"><div class=\"hover\" style=\"\"><\/div><div class=\"wrap-inner\" style=\"position: relative;\"><div class=\"agrikole-icon icon-536798582 icon-font accent custom\"  data-background=\"\">\n\t\t\t<span class=\"icon\" style=\"font-size:30px;width:60px;height:60px;border-style:solid;\"><i class=\"vc-oi vc-oi-ok-circle\"><\/i><\/span>\n\t\t<\/div> <div class=\"content-wrap\"><h3 class=\"heading \" style=\"padding-right:85px;color:#3d3c42;font-size:16px;font-family:Roboto;\">\n\t\t\t<a href=\"http:\/\/safya.com.tr\/wp-content\/uploads\/2022\/08\/AVES-ISO-14001-2015-TSE-Cevre-Yonetim-Sistemleri.pdf\">\n\t\t\t\t<span>\u0634\u0647\u0627\u062f\u0629 ISO 14001-2015 TSE \u0644\u0623\u0646\u0638\u0645\u0629 \u0625\u062f\u0627\u0631\u0629 \u0627\u0644\u0628\u064a\u0626\u0629<\/span>\n\t\t\t<\/a>\n\t\t<\/h3><div class=\"desc\" style=\"padding-right:85px;\"><p>&nbsp;<\/p>\n<\/div><\/div><\/div><\/div>[vc_empty_space height=&#8221;28px&#8221;]<div class=\"agrikole-icon-box clearfix icon-right align-left hover-style-2 link-hover-accent simple wow fadeInUp\" style=\"\"  data-wow-duration=\"0.75s\" data-wow-delay=\"0.3s\"><div class=\"hover\" style=\"\"><\/div><div class=\"wrap-inner\" style=\"position: relative;\"><div class=\"agrikole-icon icon-1346216275 icon-font accent custom\"  data-background=\"\">\n\t\t\t<span class=\"icon\" style=\"font-size:30px;width:60px;height:60px;border-style:solid;\"><i class=\"vc-oi vc-oi-ok-circle\"><\/i><\/span>\n\t\t<\/div> <div class=\"content-wrap\"><h3 class=\"heading \" style=\"padding-right:85px;color:#3d3c42;font-size:16px;font-family:Roboto;\">\n\t\t\t<a href=\"http:\/\/safya.com.tr\/wp-content\/uploads\/2022\/08\/AVES-ISO-45001-2018-TSE-Is-Sagligi-Guvenligi-Yonetim-Sistemleri.pdf\">\n\t\t\t\t<span>\u0634\u0647\u0627\u062f\u0629 ISO 45001-2018 TSE \u0644\u0644\u0635\u062d\u0629 \u0627\u0644\u0645\u0647\u0646\u064a\u0629 \u0648\u0623\u0646\u0638\u0645\u0629 \u0625\u062f\u0627\u0631\u0629 \u0627\u0644\u0633\u0644\u0627\u0645\u0629<\/span>\n\t\t\t<\/a>\n\t\t<\/h3><div class=\"desc\" style=\"padding-right:85px;\"><p>&nbsp;<\/p>\n<\/div><\/div><\/div><\/div>[vc_empty_space height=&#8221;28px&#8221;]<div class=\"agrikole-icon-box clearfix icon-right align-left hover-style-2 link-hover-accent simple wow fadeInUp\" style=\"\"  data-wow-duration=\"0.75s\" data-wow-delay=\"0.3s\"><div class=\"hover\" style=\"\"><\/div><div class=\"wrap-inner\" style=\"position: relative;\"><div class=\"agrikole-icon icon-1006422837 icon-font accent custom\"  data-background=\"\">\n\t\t\t<span class=\"icon\" style=\"font-size:30px;width:60px;height:60px;border-style:solid;\"><i class=\"vc-oi vc-oi-ok-circle\"><\/i><\/span>\n\t\t<\/div> <div class=\"content-wrap\"><h3 class=\"heading \" style=\"padding-right:85px;color:#3d3c42;font-size:16px;font-family:Roboto;\">\n\t\t\t<a href=\"http:\/\/safya.com.tr\/wp-content\/uploads\/2022\/08\/COVID-19-GUVENLI-URETIM-BELGESI-TR.pdf\">\n\t\t\t\t<span>COVID 19 - \u0648\u062b\u064a\u0642\u0629 \u0627\u0644\u0625\u0646\u062a\u0627\u062c \u0627\u0644\u0622\u0645\u0646<\/span>\n\t\t\t<\/a>\n\t\t<\/h3><div class=\"desc\" style=\"padding-right:85px;\"><p>&nbsp;<\/p>\n<\/div><\/div><\/div><\/div>[\/vc_column][\/vc_row][vc_row][vc_column][vc_empty_space height=&#8221;100px&#8221;][\/vc_column][\/vc_row]<\/p>\n","protected":false},"excerpt":{"rendered":"<p>[vc_row][vc_column][vc_empty_space height=&#8221;50px&#8221;][\/vc_column][\/vc_row][vc_row][vc_column width=&#8221;1\/2&#8243;][vc_empty_space height=&#8221;10px&#8221;][vc_column_text] \u062a\u062a\u0645\u062b\u0644 \u0635\u0627\u0641\u064a\u0629 \u0645\u0646 \u062d\u064a\u062b \u0625\u0646\u062a\u0627\u062c \u0627\u0644\u0632\u064a\u062a \u0643\u0623\u0643\u0628\u0631 \u0645\u0635\u0646\u0639 \u0645\u062a\u0643\u0627\u0645\u0644 \u0644\u0644\u0632\u064a\u062a \u0627\u0644\u0646\u0628\u0627\u062a\u064a \u0641\u064a \u062a\u0631\u0643\u064a\u0627\u060c \u064a\u0642\u0639 \u0641\u064a \u0645\u0631\u0633\u064a\u0646\u060c \u062f\u0627\u062e\u0644 \u0645\u0642\u0631 \u0634\u0631\u0643\u0629 Aves. \u0632\u064a\u062a \u0632\u0647\u0631\u0629 \u062f\u0648\u0627\u0631 \u0627\u0644\u0634\u0645\u0633 \u0635\u0627\u0641\u064a\u0629\u060c \u0648\u0627\u0644\u0630\u064a \u064a\u062a\u0645 \u0625\u0646\u062a\u0627\u062c\u0647 \u0628\u0627\u0644\u0643\u0627\u0645\u0644 \u062f\u0648\u0646 \u0623\u0646 \u062a\u0645\u0633\u0647 \u064a\u062f \u0627\u0644\u0625\u0646\u0633\u0627\u0646 \u060c \u0645\u0646 \u0627\u0644\u062d\u0642\u0648\u0644 \u0625\u0644\u0649 \u0627\u0644\u0645\u0627\u0626\u062f\u0629 \u060c \u064a\u0639\u0643\u0633 \u0645\u0628\u062f\u0623 &#8220;\u0646\u0641\u0633 \u0627\u0644\u062c\u0648\u062f\u0629 \u0641\u064a \u0627\u0644\u0632\u062c\u0627\u062c\u0629<\/p>\n","protected":false},"author":1,"featured_media":0,"parent":0,"menu_order":0,"comment_status":"closed","ping_status":"closed","template":"","meta":{"footnotes":""},"class_list":["post-18420","page","type-page","status-publish","hentry"],"_links":{"self":[{"href":"https:\/\/safya.com.tr\/ar\/wp-json\/wp\/v2\/pages\/18420","targetHints":{"allow":["GET"]}}],"collection":[{"href":"https:\/\/safya.com.tr\/ar\/wp-json\/wp\/v2\/pages"}],"about":[{"href":"https:\/\/safya.com.tr\/ar\/wp-json\/wp\/v2\/types\/page"}],"author":[{"embeddable":true,"href":"https:\/\/safya.com.tr\/ar\/wp-json\/wp\/v2\/users\/1"}],"replies":[{"embeddable":true,"href":"https:\/\/safya.com.tr\/ar\/wp-json\/wp\/v2\/comments?post=18420"}],"version-history":[{"count":11,"href":"https:\/\/safya.com.tr\/ar\/wp-json\/wp\/v2\/pages\/18420\/revisions"}],"predecessor-version":[{"id":18710,"href":"https:\/\/safya.com.tr\/ar\/wp-json\/wp\/v2\/pages\/18420\/revisions\/18710"}],"wp:attachment":[{"href":"https:\/\/safya.com.tr\/ar\/wp-json\/wp\/v2\/media?parent=18420"}],"curies":[{"name":"wp","href":"https:\/\/api.w.org\/{rel}","templated":true}]}}